{"id":9602,"date":"2025-01-21T13:16:12","date_gmt":"2025-01-21T16:16:12","guid":{"rendered":"https:\/\/promoalge.com.br\/?post_type=product&#038;p=9602"},"modified":"2025-02-13T14:04:34","modified_gmt":"2025-02-13T17:04:34","slug":"conj-para-churrasco-e-caipirinha-pr-kt90262","status":"publish","type":"product","link":"https:\/\/promoalge.com.br\/?product=conj-para-churrasco-e-caipirinha-pr-kt90262","title":{"rendered":"Conj. Para Churrasco E Caipirinha &#8211; PR KT90262"},"content":{"rendered":"","protected":false},"excerpt":{"rendered":"<p>Composto por t\u00e1bua para Churrasco e t\u00e1bua para Caipirinha, pegador, socador em Bambu; faca 7&#8221; em Bambu\/Inox. Conta com utens\u00edlios como faca, garfo, esp\u00e1tula e pegador em Bambu\/Inox com cabo longo; faca 4&#8243; para frutas, uma faca 5&#8243; para desossar e garfo trinchante em Madeira\/Inox. Acompanha tamb\u00e9m avental em Brim Preto. Como cortesia, na faca 7&#8243; fazemos uma grava\u00e7\u00e3o com os cortes do boi.<\/p>\n<p>Quantidade minima de 50 unidades<\/p>\n","protected":false},"featured_media":9603,"template":"","meta":[],"product_brand":[],"product_cat":[412],"product_tag":[],"class_list":{"0":"post-9602","1":"product","2":"type-product","3":"status-publish","4":"has-post-thumbnail","6":"product_cat-kits-churrasco","8":"first","9":"instock","10":"shipping-taxable","11":"product-type-simple"},"_links":{"self":[{"href":"https:\/\/promoalge.com.br\/index.php?rest_route=\/wp\/v2\/product\/9602","targetHints":{"allow":["GET"]}}],"collection":[{"href":"https:\/\/promoalge.com.br\/index.php?rest_route=\/wp\/v2\/product"}],"about":[{"href":"https:\/\/promoalge.com.br\/index.php?rest_route=\/wp\/v2\/types\/product"}],"wp:featuredmedia":[{"embeddable":true,"href":"https:\/\/promoalge.com.br\/index.php?rest_route=\/wp\/v2\/media\/9603"}],"wp:attachment":[{"href":"https:\/\/promoalge.com.br\/index.php?rest_route=%2Fwp%2Fv2%2Fmedia&parent=9602"}],"wp:term":[{"taxonomy":"product_brand","embeddable":true,"href":"https:\/\/promoalge.com.br\/index.php?rest_route=%2Fwp%2Fv2%2Fproduct_brand&post=9602"},{"taxonomy":"product_cat","embeddable":true,"href":"https:\/\/promoalge.com.br\/index.php?rest_route=%2Fwp%2Fv2%2Fproduct_cat&post=9602"},{"taxonomy":"product_tag","embeddable":true,"href":"https:\/\/promoalge.com.br\/index.php?rest_route=%2Fwp%2Fv2%2Fproduct_tag&post=9602"}],"curies":[{"name":"wp","href":"https:\/\/api.w.org\/{rel}","templated":true}]}}