{"id":9612,"date":"2025-01-21T13:34:09","date_gmt":"2025-01-21T16:34:09","guid":{"rendered":"https:\/\/promoalge.com.br\/?post_type=product&#038;p=9612"},"modified":"2025-02-13T14:27:14","modified_gmt":"2025-02-13T17:27:14","slug":"conj-taca-tabua-e-utensilios-pr-kt9029h","status":"publish","type":"product","link":"https:\/\/promoalge.com.br\/?product=conj-taca-tabua-e-utensilios-pr-kt9029h","title":{"rendered":"Conj. Ta\u00e7a. T\u00e1bua E Utensilios &#8211; PR KT9029H"},"content":{"rendered":"","protected":false},"excerpt":{"rendered":"<p>Conta com t\u00e1bua em Bambu; Duas facas, uma esp\u00e1tula e um garfo para Queijo em madeira\/inox; Ta\u00e7a em vidro.<\/p>\n<p>Quantidade minima de 50 unidades<\/p>\n","protected":false},"featured_media":9613,"template":"","meta":[],"product_brand":[],"product_cat":[49],"product_tag":[],"class_list":{"0":"post-9612","1":"product","2":"type-product","3":"status-publish","4":"has-post-thumbnail","6":"product_cat-bar-queijo-vinhos","8":"first","9":"instock","10":"shipping-taxable","11":"product-type-simple"},"_links":{"self":[{"href":"https:\/\/promoalge.com.br\/index.php?rest_route=\/wp\/v2\/product\/9612","targetHints":{"allow":["GET"]}}],"collection":[{"href":"https:\/\/promoalge.com.br\/index.php?rest_route=\/wp\/v2\/product"}],"about":[{"href":"https:\/\/promoalge.com.br\/index.php?rest_route=\/wp\/v2\/types\/product"}],"wp:featuredmedia":[{"embeddable":true,"href":"https:\/\/promoalge.com.br\/index.php?rest_route=\/wp\/v2\/media\/9613"}],"wp:attachment":[{"href":"https:\/\/promoalge.com.br\/index.php?rest_route=%2Fwp%2Fv2%2Fmedia&parent=9612"}],"wp:term":[{"taxonomy":"product_brand","embeddable":true,"href":"https:\/\/promoalge.com.br\/index.php?rest_route=%2Fwp%2Fv2%2Fproduct_brand&post=9612"},{"taxonomy":"product_cat","embeddable":true,"href":"https:\/\/promoalge.com.br\/index.php?rest_route=%2Fwp%2Fv2%2Fproduct_cat&post=9612"},{"taxonomy":"product_tag","embeddable":true,"href":"https:\/\/promoalge.com.br\/index.php?rest_route=%2Fwp%2Fv2%2Fproduct_tag&post=9612"}],"curies":[{"name":"wp","href":"https:\/\/api.w.org\/{rel}","templated":true}]}}