{"id":9624,"date":"2025-01-21T13:56:05","date_gmt":"2025-01-21T16:56:05","guid":{"rendered":"https:\/\/promoalge.com.br\/?post_type=product&#038;p=9624"},"modified":"2025-02-13T14:50:22","modified_gmt":"2025-02-13T17:50:22","slug":"conj-mochila-garrafa-e-caneca-pr-kt9036v","status":"publish","type":"product","link":"https:\/\/promoalge.com.br\/?product=conj-mochila-garrafa-e-caneca-pr-kt9036v","title":{"rendered":"Conj. Mochila, Garrafa E Caneca &#8211; PR KT9036V"},"content":{"rendered":"","protected":false},"excerpt":{"rendered":"<p>Kit conta com mochila cinza em poli\u00e9ster 300D Melange cinza; garrafa em a\u00e7o Inox preta com tampa rosque\u00e1vel e caneca em polipropileno preto revestida em a\u00e7o inox escovado.<\/p>\n<p>Quantidade minima de 50 unidades<\/p>\n","protected":false},"featured_media":9625,"template":"","meta":[],"product_brand":[],"product_cat":[407],"product_tag":[],"class_list":{"0":"post-9624","1":"product","2":"type-product","3":"status-publish","4":"has-post-thumbnail","6":"product_cat-conjuntos","8":"first","9":"instock","10":"shipping-taxable","11":"product-type-simple"},"_links":{"self":[{"href":"https:\/\/promoalge.com.br\/index.php?rest_route=\/wp\/v2\/product\/9624","targetHints":{"allow":["GET"]}}],"collection":[{"href":"https:\/\/promoalge.com.br\/index.php?rest_route=\/wp\/v2\/product"}],"about":[{"href":"https:\/\/promoalge.com.br\/index.php?rest_route=\/wp\/v2\/types\/product"}],"wp:featuredmedia":[{"embeddable":true,"href":"https:\/\/promoalge.com.br\/index.php?rest_route=\/wp\/v2\/media\/9625"}],"wp:attachment":[{"href":"https:\/\/promoalge.com.br\/index.php?rest_route=%2Fwp%2Fv2%2Fmedia&parent=9624"}],"wp:term":[{"taxonomy":"product_brand","embeddable":true,"href":"https:\/\/promoalge.com.br\/index.php?rest_route=%2Fwp%2Fv2%2Fproduct_brand&post=9624"},{"taxonomy":"product_cat","embeddable":true,"href":"https:\/\/promoalge.com.br\/index.php?rest_route=%2Fwp%2Fv2%2Fproduct_cat&post=9624"},{"taxonomy":"product_tag","embeddable":true,"href":"https:\/\/promoalge.com.br\/index.php?rest_route=%2Fwp%2Fv2%2Fproduct_tag&post=9624"}],"curies":[{"name":"wp","href":"https:\/\/api.w.org\/{rel}","templated":true}]}}