{"id":9626,"date":"2025-01-21T14:02:43","date_gmt":"2025-01-21T17:02:43","guid":{"rendered":"https:\/\/promoalge.com.br\/?post_type=product&#038;p=9626"},"modified":"2025-02-13T14:51:29","modified_gmt":"2025-02-13T17:51:29","slug":"kit-office-pr-kt90219","status":"publish","type":"product","link":"https:\/\/promoalge.com.br\/?product=kit-office-pr-kt90219","title":{"rendered":"Kit Office &#8211; PR KT90219"},"content":{"rendered":"","protected":false},"excerpt":{"rendered":"<p>Kit office. Conta com uma caderneta de 80 folhas preto; Porta-cart\u00e3o em material sint\u00e9tico preto texturizado e metal cromado para aproximadamente 20 cart\u00f5es; Caneta esferogr\u00e1fica em metal com corpo revestido em material sint\u00e9tico preto texturizado e chaveiro em metal com material sint\u00e9tico preto.<\/p>\n<p>Quantidade minima de 50 unidades<\/p>\n","protected":false},"featured_media":9627,"template":"","meta":[],"product_brand":[],"product_cat":[407],"product_tag":[],"class_list":{"0":"post-9626","1":"product","2":"type-product","3":"status-publish","4":"has-post-thumbnail","6":"product_cat-conjuntos","8":"first","9":"instock","10":"shipping-taxable","11":"product-type-simple"},"_links":{"self":[{"href":"https:\/\/promoalge.com.br\/index.php?rest_route=\/wp\/v2\/product\/9626","targetHints":{"allow":["GET"]}}],"collection":[{"href":"https:\/\/promoalge.com.br\/index.php?rest_route=\/wp\/v2\/product"}],"about":[{"href":"https:\/\/promoalge.com.br\/index.php?rest_route=\/wp\/v2\/types\/product"}],"wp:featuredmedia":[{"embeddable":true,"href":"https:\/\/promoalge.com.br\/index.php?rest_route=\/wp\/v2\/media\/9627"}],"wp:attachment":[{"href":"https:\/\/promoalge.com.br\/index.php?rest_route=%2Fwp%2Fv2%2Fmedia&parent=9626"}],"wp:term":[{"taxonomy":"product_brand","embeddable":true,"href":"https:\/\/promoalge.com.br\/index.php?rest_route=%2Fwp%2Fv2%2Fproduct_brand&post=9626"},{"taxonomy":"product_cat","embeddable":true,"href":"https:\/\/promoalge.com.br\/index.php?rest_route=%2Fwp%2Fv2%2Fproduct_cat&post=9626"},{"taxonomy":"product_tag","embeddable":true,"href":"https:\/\/promoalge.com.br\/index.php?rest_route=%2Fwp%2Fv2%2Fproduct_tag&post=9626"}],"curies":[{"name":"wp","href":"https:\/\/api.w.org\/{rel}","templated":true}]}}