{"id":9637,"date":"2025-02-05T14:32:20","date_gmt":"2025-02-05T17:32:20","guid":{"rendered":"http:\/\/promoalge.com.br\/?post_type=product&#038;p=9637"},"modified":"2025-08-12T15:05:10","modified_gmt":"2025-08-12T18:05:10","slug":"garra-termica-850-ml-pr18846","status":"publish","type":"product","link":"https:\/\/promoalge.com.br\/?product=garra-termica-850-ml-pr18846","title":{"rendered":"Garra T\u00e9rmica 850 ml &#8211; PR18846"},"content":{"rendered":"","protected":false},"excerpt":{"rendered":"<p>Garrafa T\u00e9rmica de 850ml em inox 304, \u00e9 poss\u00edvel utiliz\u00e1-la como trip\u00e9 atrav\u00e9s de sua al\u00e7a flex\u00edvel, segura e magn\u00e9tica integrada \u00e0 tampa. Basta posicionar o celular (compat\u00edvel a partir do iPhone 12\u00ba gera\u00e7\u00e3o) na al\u00e7a e aproveitar. Al\u00e9m disso, sua tampa pl\u00e1stica rosque\u00e1vel tamb\u00e9m possui uma prote\u00e7\u00e3o para o bocal, e sua al\u00e7a vers\u00e1til facilita o manuseio da garrafa t\u00e9rmica durante as caminhadas.<\/p>\n<p>Altura :  27,3 cm<br \/>\nLargura :  7,9 cm<br \/>\nCircunfer\u00eancia :  25,2 cm<\/p>\n<p>Grava\u00e7\u00e3o a laser.<\/p>\n<p>* M\u00ednimo 50 unidades.<\/p>\n","protected":false},"featured_media":9638,"template":"","meta":[],"product_brand":[],"product_cat":[237],"product_tag":[],"class_list":{"0":"post-9637","1":"product","2":"type-product","3":"status-publish","4":"has-post-thumbnail","6":"product_cat-metalicas","8":"first","9":"instock","10":"shipping-taxable","11":"product-type-simple"},"_links":{"self":[{"href":"https:\/\/promoalge.com.br\/index.php?rest_route=\/wp\/v2\/product\/9637","targetHints":{"allow":["GET"]}}],"collection":[{"href":"https:\/\/promoalge.com.br\/index.php?rest_route=\/wp\/v2\/product"}],"about":[{"href":"https:\/\/promoalge.com.br\/index.php?rest_route=\/wp\/v2\/types\/product"}],"wp:featuredmedia":[{"embeddable":true,"href":"https:\/\/promoalge.com.br\/index.php?rest_route=\/wp\/v2\/media\/9638"}],"wp:attachment":[{"href":"https:\/\/promoalge.com.br\/index.php?rest_route=%2Fwp%2Fv2%2Fmedia&parent=9637"}],"wp:term":[{"taxonomy":"product_brand","embeddable":true,"href":"https:\/\/promoalge.com.br\/index.php?rest_route=%2Fwp%2Fv2%2Fproduct_brand&post=9637"},{"taxonomy":"product_cat","embeddable":true,"href":"https:\/\/promoalge.com.br\/index.php?rest_route=%2Fwp%2Fv2%2Fproduct_cat&post=9637"},{"taxonomy":"product_tag","embeddable":true,"href":"https:\/\/promoalge.com.br\/index.php?rest_route=%2Fwp%2Fv2%2Fproduct_tag&post=9637"}],"curies":[{"name":"wp","href":"https:\/\/api.w.org\/{rel}","templated":true}]}}