{"id":9649,"date":"2025-02-13T16:32:33","date_gmt":"2025-02-13T19:32:33","guid":{"rendered":"https:\/\/promoalge.com.br\/?post_type=product&#038;p=9649"},"modified":"2025-02-13T16:32:33","modified_gmt":"2025-02-13T19:32:33","slug":"kit-para-churrasco-com-copo-termico-6-pcs-pr-kt90301","status":"publish","type":"product","link":"https:\/\/promoalge.com.br\/?product=kit-para-churrasco-com-copo-termico-6-pcs-pr-kt90301","title":{"rendered":"Kit Para Churrasco Com Copo T\u00e9rmico &#8211; 6 P\u00e7s &#8211; PR KT90301"},"content":{"rendered":"","protected":false},"excerpt":{"rendered":"<p>Kit para Churrasco com copo t\u00e9rmico branco. Composto por t\u00e1bua em Bambu com tr\u00eas furos; faca 8&#8243;, garfo trinchante e garfo de 5 dentes com abridor de garrafa em Madeira\/Inox; copo t\u00e9rmico branco com tampa e abridor de garrafa 500ml; avental em Brim preto. Como cortesia, na faca 8&#8243; fazemos uma grava\u00e7\u00e3o com os cortes do boi. Copo conta com dupla parede de inox, isolada a v\u00e1cuo para manter a temperatura por mais tempo.<\/p>\n<p>Quantidade minima de 50 unidades<\/p>\n","protected":false},"featured_media":9650,"template":"","meta":[],"product_brand":[],"product_cat":[412],"product_tag":[],"class_list":{"0":"post-9649","1":"product","2":"type-product","3":"status-publish","4":"has-post-thumbnail","6":"product_cat-kits-churrasco","8":"first","9":"instock","10":"shipping-taxable","11":"product-type-simple"},"_links":{"self":[{"href":"https:\/\/promoalge.com.br\/index.php?rest_route=\/wp\/v2\/product\/9649","targetHints":{"allow":["GET"]}}],"collection":[{"href":"https:\/\/promoalge.com.br\/index.php?rest_route=\/wp\/v2\/product"}],"about":[{"href":"https:\/\/promoalge.com.br\/index.php?rest_route=\/wp\/v2\/types\/product"}],"wp:featuredmedia":[{"embeddable":true,"href":"https:\/\/promoalge.com.br\/index.php?rest_route=\/wp\/v2\/media\/9650"}],"wp:attachment":[{"href":"https:\/\/promoalge.com.br\/index.php?rest_route=%2Fwp%2Fv2%2Fmedia&parent=9649"}],"wp:term":[{"taxonomy":"product_brand","embeddable":true,"href":"https:\/\/promoalge.com.br\/index.php?rest_route=%2Fwp%2Fv2%2Fproduct_brand&post=9649"},{"taxonomy":"product_cat","embeddable":true,"href":"https:\/\/promoalge.com.br\/index.php?rest_route=%2Fwp%2Fv2%2Fproduct_cat&post=9649"},{"taxonomy":"product_tag","embeddable":true,"href":"https:\/\/promoalge.com.br\/index.php?rest_route=%2Fwp%2Fv2%2Fproduct_tag&post=9649"}],"curies":[{"name":"wp","href":"https:\/\/api.w.org\/{rel}","templated":true}]}}