{"id":9657,"date":"2025-02-13T16:53:17","date_gmt":"2025-02-13T19:53:17","guid":{"rendered":"https:\/\/promoalge.com.br\/?post_type=product&#038;p=9657"},"modified":"2025-02-13T16:53:17","modified_gmt":"2025-02-13T19:53:17","slug":"kit-para-cafe-com-cafeteira-italiana-4-pcs-pr-kt90252","status":"publish","type":"product","link":"https:\/\/promoalge.com.br\/?product=kit-para-cafe-com-cafeteira-italiana-4-pcs-pr-kt90252","title":{"rendered":"Kit Para Caf\u00e9 Com Cafeteira Italiana &#8211; 4 P\u00e7s &#8211; PR KT90252"},"content":{"rendered":"","protected":false},"excerpt":{"rendered":"<p>Kit para caf\u00e9. Conta com cafeteira em alum\u00ednio; bandeja em bambu; duas canecas em vidro 240ml cada.<\/p>\n<p>Quantidade minima de 50 unidades<\/p>\n","protected":false},"featured_media":9658,"template":"","meta":[],"product_brand":[],"product_cat":[407],"product_tag":[],"class_list":{"0":"post-9657","1":"product","2":"type-product","3":"status-publish","4":"has-post-thumbnail","6":"product_cat-conjuntos","8":"first","9":"instock","10":"shipping-taxable","11":"product-type-simple"},"_links":{"self":[{"href":"https:\/\/promoalge.com.br\/index.php?rest_route=\/wp\/v2\/product\/9657","targetHints":{"allow":["GET"]}}],"collection":[{"href":"https:\/\/promoalge.com.br\/index.php?rest_route=\/wp\/v2\/product"}],"about":[{"href":"https:\/\/promoalge.com.br\/index.php?rest_route=\/wp\/v2\/types\/product"}],"wp:featuredmedia":[{"embeddable":true,"href":"https:\/\/promoalge.com.br\/index.php?rest_route=\/wp\/v2\/media\/9658"}],"wp:attachment":[{"href":"https:\/\/promoalge.com.br\/index.php?rest_route=%2Fwp%2Fv2%2Fmedia&parent=9657"}],"wp:term":[{"taxonomy":"product_brand","embeddable":true,"href":"https:\/\/promoalge.com.br\/index.php?rest_route=%2Fwp%2Fv2%2Fproduct_brand&post=9657"},{"taxonomy":"product_cat","embeddable":true,"href":"https:\/\/promoalge.com.br\/index.php?rest_route=%2Fwp%2Fv2%2Fproduct_cat&post=9657"},{"taxonomy":"product_tag","embeddable":true,"href":"https:\/\/promoalge.com.br\/index.php?rest_route=%2Fwp%2Fv2%2Fproduct_tag&post=9657"}],"curies":[{"name":"wp","href":"https:\/\/api.w.org\/{rel}","templated":true}]}}