{"id":9661,"date":"2025-02-14T13:24:22","date_gmt":"2025-02-14T16:24:22","guid":{"rendered":"https:\/\/promoalge.com.br\/?post_type=product&#038;p=9661"},"modified":"2025-02-14T13:24:22","modified_gmt":"2025-02-14T16:24:22","slug":"bloco-de-anotacoes-com-autoadesivos-e-caneta-pr5049","status":"publish","type":"product","link":"https:\/\/promoalge.com.br\/?product=bloco-de-anotacoes-com-autoadesivos-e-caneta-pr5049","title":{"rendered":"Bloco de Anota\u00e7\u00f5es com Autoadesivos e Caneta &#8211; PR5049"},"content":{"rendered":"","protected":false},"excerpt":{"rendered":"<p>Bloco de anota\u00e7\u00f5es ecol\u00f3gico com caneta, feito em kraft com 6 blocos autoadesivos coloridos com aproximadamente 20 folhas e bloco com aproximadamente 100 folhas brancas com pauta. Possui porta caneta el\u00e1stico e acompanha caneta de papel\u00e3o e detalhes pl\u00e1sticos, carga esferogr\u00e1fica azul 1.0mm e acionamento por clique.<\/p>\n<p>Altura :  15,7 cm<br \/>\nLargura :  10,6 cm<br \/>\nEspessura :  1,8 cm<\/p>\n<p>Grava\u00e7\u00e3o serigrafia em 1 cor no bloco e caneta.<\/p>\n","protected":false},"featured_media":9662,"template":"","meta":[],"product_brand":[],"product_cat":[409,321],"product_tag":[],"class_list":{"0":"post-9661","1":"product","2":"type-product","3":"status-publish","4":"has-post-thumbnail","6":"product_cat-escritorio","7":"product_cat-linha-ecologica","9":"first","10":"instock","11":"shipping-taxable","12":"product-type-simple"},"_links":{"self":[{"href":"https:\/\/promoalge.com.br\/index.php?rest_route=\/wp\/v2\/product\/9661","targetHints":{"allow":["GET"]}}],"collection":[{"href":"https:\/\/promoalge.com.br\/index.php?rest_route=\/wp\/v2\/product"}],"about":[{"href":"https:\/\/promoalge.com.br\/index.php?rest_route=\/wp\/v2\/types\/product"}],"wp:featuredmedia":[{"embeddable":true,"href":"https:\/\/promoalge.com.br\/index.php?rest_route=\/wp\/v2\/media\/9662"}],"wp:attachment":[{"href":"https:\/\/promoalge.com.br\/index.php?rest_route=%2Fwp%2Fv2%2Fmedia&parent=9661"}],"wp:term":[{"taxonomy":"product_brand","embeddable":true,"href":"https:\/\/promoalge.com.br\/index.php?rest_route=%2Fwp%2Fv2%2Fproduct_brand&post=9661"},{"taxonomy":"product_cat","embeddable":true,"href":"https:\/\/promoalge.com.br\/index.php?rest_route=%2Fwp%2Fv2%2Fproduct_cat&post=9661"},{"taxonomy":"product_tag","embeddable":true,"href":"https:\/\/promoalge.com.br\/index.php?rest_route=%2Fwp%2Fv2%2Fproduct_tag&post=9661"}],"curies":[{"name":"wp","href":"https:\/\/api.w.org\/{rel}","templated":true}]}}