{"id":967,"date":"2018-06-28T17:31:42","date_gmt":"2018-06-28T20:31:42","guid":{"rendered":"http:\/\/promoalge.com.br\/?post_type=product&#038;p=967"},"modified":"2018-06-28T17:32:19","modified_gmt":"2018-06-28T20:32:19","slug":"kit-queijo-pd42143","status":"publish","type":"product","link":"https:\/\/promoalge.com.br\/?product=kit-queijo-pd42143","title":{"rendered":"Kit Queijo &#8211; PD42143"},"content":{"rendered":"","protected":false},"excerpt":{"rendered":"<p>Conjunto para queijo em Bambu\/A\u00e7o Inox. Conta com t\u00e1bua em formato de cora\u00e7\u00e3o e base em Bambu; duas facas, sendo, uma com ponta e outra reta, garfo e esp\u00e1tula em Bambu\/Inox. Grava\u00e7\u00e3o a laser.<\/p>\n","protected":false},"featured_media":968,"template":"","meta":[],"product_brand":[],"product_cat":[49],"product_tag":[],"class_list":{"0":"post-967","1":"product","2":"type-product","3":"status-publish","4":"has-post-thumbnail","6":"product_cat-bar-queijo-vinhos","8":"first","9":"instock","10":"shipping-taxable","11":"product-type-simple"},"_links":{"self":[{"href":"https:\/\/promoalge.com.br\/index.php?rest_route=\/wp\/v2\/product\/967","targetHints":{"allow":["GET"]}}],"collection":[{"href":"https:\/\/promoalge.com.br\/index.php?rest_route=\/wp\/v2\/product"}],"about":[{"href":"https:\/\/promoalge.com.br\/index.php?rest_route=\/wp\/v2\/types\/product"}],"wp:featuredmedia":[{"embeddable":true,"href":"https:\/\/promoalge.com.br\/index.php?rest_route=\/wp\/v2\/media\/968"}],"wp:attachment":[{"href":"https:\/\/promoalge.com.br\/index.php?rest_route=%2Fwp%2Fv2%2Fmedia&parent=967"}],"wp:term":[{"taxonomy":"product_brand","embeddable":true,"href":"https:\/\/promoalge.com.br\/index.php?rest_route=%2Fwp%2Fv2%2Fproduct_brand&post=967"},{"taxonomy":"product_cat","embeddable":true,"href":"https:\/\/promoalge.com.br\/index.php?rest_route=%2Fwp%2Fv2%2Fproduct_cat&post=967"},{"taxonomy":"product_tag","embeddable":true,"href":"https:\/\/promoalge.com.br\/index.php?rest_route=%2Fwp%2Fv2%2Fproduct_tag&post=967"}],"curies":[{"name":"wp","href":"https:\/\/api.w.org\/{rel}","templated":true}]}}