{"id":9688,"date":"2025-02-20T13:55:42","date_gmt":"2025-02-20T16:55:42","guid":{"rendered":"https:\/\/promoalge.com.br\/?post_type=product&#038;p=9688"},"modified":"2025-02-20T13:55:42","modified_gmt":"2025-02-20T16:55:42","slug":"conj-para-churrasco-e-caipirinha-14-pcs-pr-pb00863","status":"publish","type":"product","link":"https:\/\/promoalge.com.br\/?product=conj-para-churrasco-e-caipirinha-14-pcs-pr-pb00863","title":{"rendered":"Conj. Para Churrasco E Caipirinha &#8211; 14 P\u00e7s &#8211; PR PB00863"},"content":{"rendered":"","protected":false},"excerpt":{"rendered":"<p>Kit para Churrasco e Caipirinha com estojo e avental. Composto por estojo em tecido preto com al\u00e7a de m\u00e3o e avental; t\u00e1bua para Churrasco, t\u00e1bua para Caipirinha, pegador e socador em Bambu; faca 7&#8221;, faca para Churrasco, pegador para Churrasco, esp\u00e1tula para churrasco e garfo para Churrasco em Bambu\/Inox. Acompanha tamb\u00e9m faca 4&#8243; para frutas, faca 5&#8243; para desossar e garfo trinchante em Madeira\/Inox.<\/p>\n<p>Quantidade minima de 50 unidades<\/p>\n","protected":false},"featured_media":9689,"template":"","meta":[],"product_brand":[],"product_cat":[412],"product_tag":[],"class_list":{"0":"post-9688","1":"product","2":"type-product","3":"status-publish","4":"has-post-thumbnail","6":"product_cat-kits-churrasco","8":"first","9":"instock","10":"shipping-taxable","11":"product-type-simple"},"_links":{"self":[{"href":"https:\/\/promoalge.com.br\/index.php?rest_route=\/wp\/v2\/product\/9688","targetHints":{"allow":["GET"]}}],"collection":[{"href":"https:\/\/promoalge.com.br\/index.php?rest_route=\/wp\/v2\/product"}],"about":[{"href":"https:\/\/promoalge.com.br\/index.php?rest_route=\/wp\/v2\/types\/product"}],"wp:featuredmedia":[{"embeddable":true,"href":"https:\/\/promoalge.com.br\/index.php?rest_route=\/wp\/v2\/media\/9689"}],"wp:attachment":[{"href":"https:\/\/promoalge.com.br\/index.php?rest_route=%2Fwp%2Fv2%2Fmedia&parent=9688"}],"wp:term":[{"taxonomy":"product_brand","embeddable":true,"href":"https:\/\/promoalge.com.br\/index.php?rest_route=%2Fwp%2Fv2%2Fproduct_brand&post=9688"},{"taxonomy":"product_cat","embeddable":true,"href":"https:\/\/promoalge.com.br\/index.php?rest_route=%2Fwp%2Fv2%2Fproduct_cat&post=9688"},{"taxonomy":"product_tag","embeddable":true,"href":"https:\/\/promoalge.com.br\/index.php?rest_route=%2Fwp%2Fv2%2Fproduct_tag&post=9688"}],"curies":[{"name":"wp","href":"https:\/\/api.w.org\/{rel}","templated":true}]}}