{"id":9696,"date":"2025-02-20T14:24:52","date_gmt":"2025-02-20T17:24:52","guid":{"rendered":"https:\/\/promoalge.com.br\/?post_type=product&#038;p=9696"},"modified":"2025-02-20T14:24:52","modified_gmt":"2025-02-20T17:24:52","slug":"kit-para-queijo-e-vinho-8-pcs-pr-kt90198","status":"publish","type":"product","link":"https:\/\/promoalge.com.br\/?product=kit-para-queijo-e-vinho-8-pcs-pr-kt90198","title":{"rendered":"Kit Para Queijo E Vinho &#8211; 8 P\u00e7s &#8211; PR KT90198"},"content":{"rendered":"","protected":false},"excerpt":{"rendered":"<p>Conta com t\u00e1bua em bambu; Duas facas, uma esp\u00e1tula e um garfo para queijo em bambu\/inox; Tamp\u00e3o para garrafa em Inox; 2 ta\u00e7as em vidro e espa\u00e7o para garrafa com palha (N\u00c3O ACOMPANHA GARRAFA).<\/p>\n<p>Quantidade minima de 50 unidades<\/p>\n","protected":false},"featured_media":9697,"template":"","meta":[],"product_brand":[],"product_cat":[49],"product_tag":[],"class_list":{"0":"post-9696","1":"product","2":"type-product","3":"status-publish","4":"has-post-thumbnail","6":"product_cat-bar-queijo-vinhos","8":"first","9":"instock","10":"shipping-taxable","11":"product-type-simple"},"_links":{"self":[{"href":"https:\/\/promoalge.com.br\/index.php?rest_route=\/wp\/v2\/product\/9696","targetHints":{"allow":["GET"]}}],"collection":[{"href":"https:\/\/promoalge.com.br\/index.php?rest_route=\/wp\/v2\/product"}],"about":[{"href":"https:\/\/promoalge.com.br\/index.php?rest_route=\/wp\/v2\/types\/product"}],"wp:featuredmedia":[{"embeddable":true,"href":"https:\/\/promoalge.com.br\/index.php?rest_route=\/wp\/v2\/media\/9697"}],"wp:attachment":[{"href":"https:\/\/promoalge.com.br\/index.php?rest_route=%2Fwp%2Fv2%2Fmedia&parent=9696"}],"wp:term":[{"taxonomy":"product_brand","embeddable":true,"href":"https:\/\/promoalge.com.br\/index.php?rest_route=%2Fwp%2Fv2%2Fproduct_brand&post=9696"},{"taxonomy":"product_cat","embeddable":true,"href":"https:\/\/promoalge.com.br\/index.php?rest_route=%2Fwp%2Fv2%2Fproduct_cat&post=9696"},{"taxonomy":"product_tag","embeddable":true,"href":"https:\/\/promoalge.com.br\/index.php?rest_route=%2Fwp%2Fv2%2Fproduct_tag&post=9696"}],"curies":[{"name":"wp","href":"https:\/\/api.w.org\/{rel}","templated":true}]}}