{"id":9710,"date":"2025-02-20T15:08:51","date_gmt":"2025-02-20T18:08:51","guid":{"rendered":"https:\/\/promoalge.com.br\/?post_type=product&#038;p=9710"},"modified":"2025-02-20T15:08:51","modified_gmt":"2025-02-20T18:08:51","slug":"kit-churrasco-e-cozinha-12-pcs-pr-kt90027","status":"publish","type":"product","link":"https:\/\/promoalge.com.br\/?product=kit-churrasco-e-cozinha-12-pcs-pr-kt90027","title":{"rendered":"Kit Churrasco E Cozinha &#8211; 12 P\u00e7s &#8211; PR KT90027"},"content":{"rendered":"","protected":false},"excerpt":{"rendered":"<p>Kit para Churrasco e Cozinha. Composto por t\u00e1bua para cozinha e t\u00e1bua para Churrasco em Bambu; faca 7&#8243;, faca 7&#8243; para frios, faca 7&#8243; para p\u00e3o, cutelo 6&#8243;, faca 3&#8243; para legumes e chaira em Bambu\/Inox; faca 8&#8243;, faca 4&#8243;, faca 5&#8243; para desossar e garfo trinchante em Madeira\/Inox. Como cortesia, na faca 8&#8243; fazemos uma grava\u00e7\u00e3o com os cortes do boi.<\/p>\n<p>Quantidade minima de 50 unidades<\/p>\n","protected":false},"featured_media":9711,"template":"","meta":[],"product_brand":[],"product_cat":[412],"product_tag":[],"class_list":{"0":"post-9710","1":"product","2":"type-product","3":"status-publish","4":"has-post-thumbnail","6":"product_cat-kits-churrasco","8":"first","9":"instock","10":"shipping-taxable","11":"product-type-simple"},"_links":{"self":[{"href":"https:\/\/promoalge.com.br\/index.php?rest_route=\/wp\/v2\/product\/9710","targetHints":{"allow":["GET"]}}],"collection":[{"href":"https:\/\/promoalge.com.br\/index.php?rest_route=\/wp\/v2\/product"}],"about":[{"href":"https:\/\/promoalge.com.br\/index.php?rest_route=\/wp\/v2\/types\/product"}],"wp:featuredmedia":[{"embeddable":true,"href":"https:\/\/promoalge.com.br\/index.php?rest_route=\/wp\/v2\/media\/9711"}],"wp:attachment":[{"href":"https:\/\/promoalge.com.br\/index.php?rest_route=%2Fwp%2Fv2%2Fmedia&parent=9710"}],"wp:term":[{"taxonomy":"product_brand","embeddable":true,"href":"https:\/\/promoalge.com.br\/index.php?rest_route=%2Fwp%2Fv2%2Fproduct_brand&post=9710"},{"taxonomy":"product_cat","embeddable":true,"href":"https:\/\/promoalge.com.br\/index.php?rest_route=%2Fwp%2Fv2%2Fproduct_cat&post=9710"},{"taxonomy":"product_tag","embeddable":true,"href":"https:\/\/promoalge.com.br\/index.php?rest_route=%2Fwp%2Fv2%2Fproduct_tag&post=9710"}],"curies":[{"name":"wp","href":"https:\/\/api.w.org\/{rel}","templated":true}]}}