{"id":9779,"date":"2025-02-25T13:52:22","date_gmt":"2025-02-25T16:52:22","guid":{"rendered":"https:\/\/promoalge.com.br\/?post_type=product&#038;p=9779"},"modified":"2025-02-25T13:52:22","modified_gmt":"2025-02-25T16:52:22","slug":"kit-garrafa-e-acessorios-3-pcs-pr-kt9038e","status":"publish","type":"product","link":"https:\/\/promoalge.com.br\/?product=kit-garrafa-e-acessorios-3-pcs-pr-kt9038e","title":{"rendered":"Kit Garrafa E Acess\u00f3rios &#8211; 3 P\u00e7s &#8211; PR KT9038E"},"content":{"rendered":"","protected":false},"excerpt":{"rendered":"<p>Conta com garrafa em A\u00e7o Inox com pintura amadeirada; caneta esferogr\u00e1fica em bambu; bloco de anota\u00e7\u00f5es.<\/p>\n<p>Quantidade m\u00ednima de 50 unidades.<\/p>\n","protected":false},"featured_media":9780,"template":"","meta":[],"product_brand":[],"product_cat":[409,407],"product_tag":[],"class_list":{"0":"post-9779","1":"product","2":"type-product","3":"status-publish","4":"has-post-thumbnail","6":"product_cat-escritorio","7":"product_cat-conjuntos","9":"first","10":"instock","11":"shipping-taxable","12":"product-type-simple"},"_links":{"self":[{"href":"https:\/\/promoalge.com.br\/index.php?rest_route=\/wp\/v2\/product\/9779","targetHints":{"allow":["GET"]}}],"collection":[{"href":"https:\/\/promoalge.com.br\/index.php?rest_route=\/wp\/v2\/product"}],"about":[{"href":"https:\/\/promoalge.com.br\/index.php?rest_route=\/wp\/v2\/types\/product"}],"wp:featuredmedia":[{"embeddable":true,"href":"https:\/\/promoalge.com.br\/index.php?rest_route=\/wp\/v2\/media\/9780"}],"wp:attachment":[{"href":"https:\/\/promoalge.com.br\/index.php?rest_route=%2Fwp%2Fv2%2Fmedia&parent=9779"}],"wp:term":[{"taxonomy":"product_brand","embeddable":true,"href":"https:\/\/promoalge.com.br\/index.php?rest_route=%2Fwp%2Fv2%2Fproduct_brand&post=9779"},{"taxonomy":"product_cat","embeddable":true,"href":"https:\/\/promoalge.com.br\/index.php?rest_route=%2Fwp%2Fv2%2Fproduct_cat&post=9779"},{"taxonomy":"product_tag","embeddable":true,"href":"https:\/\/promoalge.com.br\/index.php?rest_route=%2Fwp%2Fv2%2Fproduct_tag&post=9779"}],"curies":[{"name":"wp","href":"https:\/\/api.w.org\/{rel}","templated":true}]}}