{"id":9799,"date":"2025-03-07T10:42:40","date_gmt":"2025-03-07T13:42:40","guid":{"rendered":"https:\/\/promoalge.com.br\/?post_type=product&#038;p=9799"},"modified":"2025-08-12T15:04:44","modified_gmt":"2025-08-12T18:04:44","slug":"caneca-de-bambu-300ml-pr-03099","status":"publish","type":"product","link":"https:\/\/promoalge.com.br\/?product=caneca-de-bambu-300ml-pr-03099","title":{"rendered":"Caneca de Bambu 300ml &#8211; PR 03099"},"content":{"rendered":"","protected":false},"excerpt":{"rendered":"<p>Descri\u00e7\u00e3o: Caneca de bambu com capacidade de 300ml. Cont\u00e9m tampa pl\u00e1stica com bocal e trava de seguran\u00e7a.<\/p>\n<p>Altura :  10,7 cm<\/p>\n<p>Largura :  12,5 cm<\/p>\n<p>Circunfer\u00eancia :  25,3 cm<\/p>\n<p>Quantidade m\u00ednima de 50 unidades.<\/p>\n","protected":false},"featured_media":9800,"template":"","meta":[],"product_brand":[],"product_cat":[237],"product_tag":[],"class_list":{"0":"post-9799","1":"product","2":"type-product","3":"status-publish","4":"has-post-thumbnail","6":"product_cat-metalicas","8":"first","9":"instock","10":"shipping-taxable","11":"product-type-simple"},"_links":{"self":[{"href":"https:\/\/promoalge.com.br\/index.php?rest_route=\/wp\/v2\/product\/9799","targetHints":{"allow":["GET"]}}],"collection":[{"href":"https:\/\/promoalge.com.br\/index.php?rest_route=\/wp\/v2\/product"}],"about":[{"href":"https:\/\/promoalge.com.br\/index.php?rest_route=\/wp\/v2\/types\/product"}],"wp:featuredmedia":[{"embeddable":true,"href":"https:\/\/promoalge.com.br\/index.php?rest_route=\/wp\/v2\/media\/9800"}],"wp:attachment":[{"href":"https:\/\/promoalge.com.br\/index.php?rest_route=%2Fwp%2Fv2%2Fmedia&parent=9799"}],"wp:term":[{"taxonomy":"product_brand","embeddable":true,"href":"https:\/\/promoalge.com.br\/index.php?rest_route=%2Fwp%2Fv2%2Fproduct_brand&post=9799"},{"taxonomy":"product_cat","embeddable":true,"href":"https:\/\/promoalge.com.br\/index.php?rest_route=%2Fwp%2Fv2%2Fproduct_cat&post=9799"},{"taxonomy":"product_tag","embeddable":true,"href":"https:\/\/promoalge.com.br\/index.php?rest_route=%2Fwp%2Fv2%2Fproduct_tag&post=9799"}],"curies":[{"name":"wp","href":"https:\/\/api.w.org\/{rel}","templated":true}]}}