{"id":9813,"date":"2025-03-07T11:17:15","date_gmt":"2025-03-07T14:17:15","guid":{"rendered":"https:\/\/promoalge.com.br\/?post_type=product&#038;p=9813"},"modified":"2025-08-07T17:23:17","modified_gmt":"2025-08-07T20:23:17","slug":"kit-necessaires-6-pecas-pr-18538","status":"publish","type":"product","link":"https:\/\/promoalge.com.br\/?product=kit-necessaires-6-pecas-pr-18538","title":{"rendered":"Kit Necessaires 6 Pe\u00e7as &#8211; PR 18538"},"content":{"rendered":"","protected":false},"excerpt":{"rendered":"<p>Descri\u00e7\u00e3o: Kit n\u00e9cessaire com 6 pe\u00e7as confeccionadas em nylon. O conjunto de n\u00e9cessaires possui tamanhos diferenciados, sendo 3 unidades com: al\u00e7a para transporte, z\u00edperes com pegadores emborrachados, parte frontal com malha de nylon e plaquinha emborrachada para personaliza\u00e7\u00e3o; possui tamb\u00e9m 3 unidades de n\u00e9cessaires em nylon inteiramente lisas e imperme\u00e1veis.<\/p>\n<p>Medidas aproximadas para grava\u00e7\u00e3o (CxL):  N\u00e9cessaire 1: 6,4 cm x 3,4 cm &#8211; N\u00e9cessaire 2: 6,4 cm x 3,4 cm &#8211; N\u00e9cessaire 3: 6,4 cm x 3,4 cm &#8211; N\u00e9cessaire 4: 24,5 cm x 32,9 cm &#8211; N\u00e9cessaire 5: 23,8 cm x 25 cm &#8211; N\u00e9cessaire 6: 14,2 cm x 23,7 cm<\/p>\n<p>Quantidade m\u00ednima de 50 unidades.<\/p>\n","protected":false},"featured_media":9814,"template":"","meta":[],"product_brand":[],"product_cat":[416],"product_tag":[],"class_list":{"0":"post-9813","1":"product","2":"type-product","3":"status-publish","4":"has-post-thumbnail","6":"product_cat-necessaire","8":"first","9":"instock","10":"shipping-taxable","11":"product-type-simple"},"_links":{"self":[{"href":"https:\/\/promoalge.com.br\/index.php?rest_route=\/wp\/v2\/product\/9813","targetHints":{"allow":["GET"]}}],"collection":[{"href":"https:\/\/promoalge.com.br\/index.php?rest_route=\/wp\/v2\/product"}],"about":[{"href":"https:\/\/promoalge.com.br\/index.php?rest_route=\/wp\/v2\/types\/product"}],"wp:featuredmedia":[{"embeddable":true,"href":"https:\/\/promoalge.com.br\/index.php?rest_route=\/wp\/v2\/media\/9814"}],"wp:attachment":[{"href":"https:\/\/promoalge.com.br\/index.php?rest_route=%2Fwp%2Fv2%2Fmedia&parent=9813"}],"wp:term":[{"taxonomy":"product_brand","embeddable":true,"href":"https:\/\/promoalge.com.br\/index.php?rest_route=%2Fwp%2Fv2%2Fproduct_brand&post=9813"},{"taxonomy":"product_cat","embeddable":true,"href":"https:\/\/promoalge.com.br\/index.php?rest_route=%2Fwp%2Fv2%2Fproduct_cat&post=9813"},{"taxonomy":"product_tag","embeddable":true,"href":"https:\/\/promoalge.com.br\/index.php?rest_route=%2Fwp%2Fv2%2Fproduct_tag&post=9813"}],"curies":[{"name":"wp","href":"https:\/\/api.w.org\/{rel}","templated":true}]}}