{"id":9815,"date":"2025-03-07T13:05:16","date_gmt":"2025-03-07T16:05:16","guid":{"rendered":"https:\/\/promoalge.com.br\/?post_type=product&#038;p=9815"},"modified":"2025-03-07T13:05:16","modified_gmt":"2025-03-07T16:05:16","slug":"garrafa-plastica-2-em-1-550ml-pr-08233","status":"publish","type":"product","link":"https:\/\/promoalge.com.br\/?product=garrafa-plastica-2-em-1-550ml-pr-08233","title":{"rendered":"Garrafa Pl\u00e1stica 2 em 1 550ml &#8211; PR 08233"},"content":{"rendered":"","protected":false},"excerpt":{"rendered":"<p>Descri\u00e7\u00e3o: Garrafa e copo em um \u00fanico produto! Com capacidade de 550ml, a garrafa 2 em 1 \u00e9 fabricada em pl\u00e1stico e possui um copo integrado, ideal para consumir \u00e1gua, ch\u00e1 gelado e outras bebidas com praticidade. Conta com tampa rosque\u00e1vel que garante seguran\u00e7a e evita vazamentos, enquanto o design compacto facilita o transporte para onde for. Uma escolha funcional e pr\u00e1tica para diferentes momentos.<\/p>\n<p>Altura :  21,4 cm<\/p>\n<p>Largura :  7,2 cm<\/p>\n<p>Circunfer\u00eancia :  22,7 cm<\/p>\n<p>Quantidade m\u00ednima de 50 unidades.<\/p>\n","protected":false},"featured_media":9816,"template":"","meta":[],"product_brand":[],"product_cat":[251],"product_tag":[],"class_list":{"0":"post-9815","1":"product","2":"type-product","3":"status-publish","4":"has-post-thumbnail","6":"product_cat-plastica-canecas-copos-garrafas","8":"first","9":"instock","10":"shipping-taxable","11":"product-type-simple"},"_links":{"self":[{"href":"https:\/\/promoalge.com.br\/index.php?rest_route=\/wp\/v2\/product\/9815","targetHints":{"allow":["GET"]}}],"collection":[{"href":"https:\/\/promoalge.com.br\/index.php?rest_route=\/wp\/v2\/product"}],"about":[{"href":"https:\/\/promoalge.com.br\/index.php?rest_route=\/wp\/v2\/types\/product"}],"wp:featuredmedia":[{"embeddable":true,"href":"https:\/\/promoalge.com.br\/index.php?rest_route=\/wp\/v2\/media\/9816"}],"wp:attachment":[{"href":"https:\/\/promoalge.com.br\/index.php?rest_route=%2Fwp%2Fv2%2Fmedia&parent=9815"}],"wp:term":[{"taxonomy":"product_brand","embeddable":true,"href":"https:\/\/promoalge.com.br\/index.php?rest_route=%2Fwp%2Fv2%2Fproduct_brand&post=9815"},{"taxonomy":"product_cat","embeddable":true,"href":"https:\/\/promoalge.com.br\/index.php?rest_route=%2Fwp%2Fv2%2Fproduct_cat&post=9815"},{"taxonomy":"product_tag","embeddable":true,"href":"https:\/\/promoalge.com.br\/index.php?rest_route=%2Fwp%2Fv2%2Fproduct_tag&post=9815"}],"curies":[{"name":"wp","href":"https:\/\/api.w.org\/{rel}","templated":true}]}}