{"id":9819,"date":"2025-03-07T13:29:15","date_gmt":"2025-03-07T16:29:15","guid":{"rendered":"https:\/\/promoalge.com.br\/?post_type=product&#038;p=9819"},"modified":"2025-03-07T13:29:16","modified_gmt":"2025-03-07T16:29:16","slug":"garrafa-termica-460ml-pr-18906","status":"publish","type":"product","link":"https:\/\/promoalge.com.br\/?product=garrafa-termica-460ml-pr-18906","title":{"rendered":"Garrafa T\u00e9rmica 460ml &#8211; PR 18906"},"content":{"rendered":"","protected":false},"excerpt":{"rendered":"<p>Descri\u00e7\u00e3o: Mantenha a bebida na temperatura ideal, seja ela quentinha ou bem gelada! Com excelente conserva\u00e7\u00e3o, nossa Garrafa T\u00e9rmica de 460ml, produzida em a\u00e7o inoxid\u00e1vel 304 e base antiderrapante para maior estabilidade em superf\u00edcies, possui um design super pr\u00e1tico com duas aberturas, sendo uma com bocal contendo tampa protetora rosque\u00e1vel e al\u00e7a emborrachada integrada para facilitar a locomo\u00e7\u00e3o, e outra abertura larga para facilitar o enchimento e a limpeza.  Mais do que pr\u00e1tica, essa garrafa garante que a bebida mantenha sua qualidade t\u00e9rmica e sabor por muito mais tempo.<\/p>\n<p>Altura :  23,4 cm<\/p>\n<p>Largura :  8 cm<\/p>\n<p>Circunfer\u00eancia :  22,2 cm<\/p>\n<p>Quantidade m\u00ednima de 50 unidades.<\/p>\n","protected":false},"featured_media":9820,"template":"","meta":[],"product_brand":[],"product_cat":[237],"product_tag":[],"class_list":{"0":"post-9819","1":"product","2":"type-product","3":"status-publish","4":"has-post-thumbnail","6":"product_cat-metalicas","8":"first","9":"instock","10":"shipping-taxable","11":"product-type-simple"},"_links":{"self":[{"href":"https:\/\/promoalge.com.br\/index.php?rest_route=\/wp\/v2\/product\/9819","targetHints":{"allow":["GET"]}}],"collection":[{"href":"https:\/\/promoalge.com.br\/index.php?rest_route=\/wp\/v2\/product"}],"about":[{"href":"https:\/\/promoalge.com.br\/index.php?rest_route=\/wp\/v2\/types\/product"}],"wp:featuredmedia":[{"embeddable":true,"href":"https:\/\/promoalge.com.br\/index.php?rest_route=\/wp\/v2\/media\/9820"}],"wp:attachment":[{"href":"https:\/\/promoalge.com.br\/index.php?rest_route=%2Fwp%2Fv2%2Fmedia&parent=9819"}],"wp:term":[{"taxonomy":"product_brand","embeddable":true,"href":"https:\/\/promoalge.com.br\/index.php?rest_route=%2Fwp%2Fv2%2Fproduct_brand&post=9819"},{"taxonomy":"product_cat","embeddable":true,"href":"https:\/\/promoalge.com.br\/index.php?rest_route=%2Fwp%2Fv2%2Fproduct_cat&post=9819"},{"taxonomy":"product_tag","embeddable":true,"href":"https:\/\/promoalge.com.br\/index.php?rest_route=%2Fwp%2Fv2%2Fproduct_tag&post=9819"}],"curies":[{"name":"wp","href":"https:\/\/api.w.org\/{rel}","templated":true}]}}