{"id":9821,"date":"2025-03-07T13:39:21","date_gmt":"2025-03-07T16:39:21","guid":{"rendered":"https:\/\/promoalge.com.br\/?post_type=product&#038;p=9821"},"modified":"2025-03-07T13:39:21","modified_gmt":"2025-03-07T16:39:21","slug":"garrafa-termica-750ml-pr-18905","status":"publish","type":"product","link":"https:\/\/promoalge.com.br\/?product=garrafa-termica-750ml-pr-18905","title":{"rendered":"Garrafa T\u00e9rmica 750ml &#8211; PR 18905"},"content":{"rendered":"","protected":false},"excerpt":{"rendered":"<p>Descri\u00e7\u00e3o: Experimente a qualidade desta garrafa t\u00e9rmica de 750ml. Feita em inox 304, excelente para manter a temperatura perfeita, seja ela quente ou fria. Possui tampa pl\u00e1stica com abertura rosque\u00e1vel e al\u00e7a flex\u00edvel emborrachada para maior conforto ao transport\u00e1-la. Essa garrafa com certeza \u00e9 a escolha perfeita para o dia a dia. <\/p>\n<p>Altura :  26,1 cm<\/p>\n<p>Largura :  7,8 cm<\/p>\n<p>Quantidade m\u00ednima de 50 unidades.<\/p>\n","protected":false},"featured_media":9822,"template":"","meta":[],"product_brand":[],"product_cat":[237],"product_tag":[],"class_list":{"0":"post-9821","1":"product","2":"type-product","3":"status-publish","4":"has-post-thumbnail","6":"product_cat-metalicas","8":"first","9":"instock","10":"shipping-taxable","11":"product-type-simple"},"_links":{"self":[{"href":"https:\/\/promoalge.com.br\/index.php?rest_route=\/wp\/v2\/product\/9821","targetHints":{"allow":["GET"]}}],"collection":[{"href":"https:\/\/promoalge.com.br\/index.php?rest_route=\/wp\/v2\/product"}],"about":[{"href":"https:\/\/promoalge.com.br\/index.php?rest_route=\/wp\/v2\/types\/product"}],"wp:featuredmedia":[{"embeddable":true,"href":"https:\/\/promoalge.com.br\/index.php?rest_route=\/wp\/v2\/media\/9822"}],"wp:attachment":[{"href":"https:\/\/promoalge.com.br\/index.php?rest_route=%2Fwp%2Fv2%2Fmedia&parent=9821"}],"wp:term":[{"taxonomy":"product_brand","embeddable":true,"href":"https:\/\/promoalge.com.br\/index.php?rest_route=%2Fwp%2Fv2%2Fproduct_brand&post=9821"},{"taxonomy":"product_cat","embeddable":true,"href":"https:\/\/promoalge.com.br\/index.php?rest_route=%2Fwp%2Fv2%2Fproduct_cat&post=9821"},{"taxonomy":"product_tag","embeddable":true,"href":"https:\/\/promoalge.com.br\/index.php?rest_route=%2Fwp%2Fv2%2Fproduct_tag&post=9821"}],"curies":[{"name":"wp","href":"https:\/\/api.w.org\/{rel}","templated":true}]}}