{"id":9845,"date":"2025-03-11T15:42:50","date_gmt":"2025-03-11T18:42:50","guid":{"rendered":"https:\/\/promoalge.com.br\/?post_type=product&#038;p=9845"},"modified":"2025-03-11T15:42:50","modified_gmt":"2025-03-11T18:42:50","slug":"garrafa-termica-420ml-pr-02407","status":"publish","type":"product","link":"https:\/\/promoalge.com.br\/?product=garrafa-termica-420ml-pr-02407","title":{"rendered":"Garrafa T\u00e9rmica 420ml &#8211; PR 02407"},"content":{"rendered":"","protected":false},"excerpt":{"rendered":"<p>Descri\u00e7\u00e3o: Garrafa t\u00e9rmica produzida em inox 304 com capacidade de 420ml, acompanha peneira para infus\u00e3o de bebidas. Com detalhes em bambu e pl\u00e1stico, sua tampa \u00e9 livre de BPA e possui uma al\u00e7a para transporte que tamb\u00e9m pode ser utilizada como suporte para celular.<\/p>\n<p>Altura :  22,4 cm<\/p>\n<p>Largura :  7 cm<\/p>\n<p>Circunfer\u00eancia :  22,1 cm<\/p>\n<p>Quantidade m\u00ednima de 50.<\/p>\n","protected":false},"featured_media":9846,"template":"","meta":[],"product_brand":[],"product_cat":[237],"product_tag":[],"class_list":{"0":"post-9845","1":"product","2":"type-product","3":"status-publish","4":"has-post-thumbnail","6":"product_cat-metalicas","8":"first","9":"instock","10":"shipping-taxable","11":"product-type-simple"},"_links":{"self":[{"href":"https:\/\/promoalge.com.br\/index.php?rest_route=\/wp\/v2\/product\/9845","targetHints":{"allow":["GET"]}}],"collection":[{"href":"https:\/\/promoalge.com.br\/index.php?rest_route=\/wp\/v2\/product"}],"about":[{"href":"https:\/\/promoalge.com.br\/index.php?rest_route=\/wp\/v2\/types\/product"}],"wp:featuredmedia":[{"embeddable":true,"href":"https:\/\/promoalge.com.br\/index.php?rest_route=\/wp\/v2\/media\/9846"}],"wp:attachment":[{"href":"https:\/\/promoalge.com.br\/index.php?rest_route=%2Fwp%2Fv2%2Fmedia&parent=9845"}],"wp:term":[{"taxonomy":"product_brand","embeddable":true,"href":"https:\/\/promoalge.com.br\/index.php?rest_route=%2Fwp%2Fv2%2Fproduct_brand&post=9845"},{"taxonomy":"product_cat","embeddable":true,"href":"https:\/\/promoalge.com.br\/index.php?rest_route=%2Fwp%2Fv2%2Fproduct_cat&post=9845"},{"taxonomy":"product_tag","embeddable":true,"href":"https:\/\/promoalge.com.br\/index.php?rest_route=%2Fwp%2Fv2%2Fproduct_tag&post=9845"}],"curies":[{"name":"wp","href":"https:\/\/api.w.org\/{rel}","templated":true}]}}