{"id":9851,"date":"2025-03-11T15:50:51","date_gmt":"2025-03-11T18:50:51","guid":{"rendered":"https:\/\/promoalge.com.br\/?post_type=product&#038;p=9851"},"modified":"2025-03-11T15:50:51","modified_gmt":"2025-03-11T18:50:51","slug":"garrafa-termica-550ml-pr-04097","status":"publish","type":"product","link":"https:\/\/promoalge.com.br\/?product=garrafa-termica-550ml-pr-04097","title":{"rendered":"Garrafa T\u00e9rmica 550ml &#8211; PR 04097"},"content":{"rendered":"","protected":false},"excerpt":{"rendered":"<p>Descri\u00e7\u00e3o: Garrafa t\u00e9rmica de parede dupla em inox, capacidade de 550ml. Tampa com al\u00e7a de transporte, bico flip e canudo interno.<\/p>\n<p>Altura :  21,5 cm<\/p>\n<p>Largura :  8 cm<\/p>\n<p>Circunfer\u00eancia :  25,4 cm<\/p>\n<p>Quantidade m\u00ednima de 50 unidades.<\/p>\n","protected":false},"featured_media":9852,"template":"","meta":[],"product_brand":[],"product_cat":[237],"product_tag":[],"class_list":{"0":"post-9851","1":"product","2":"type-product","3":"status-publish","4":"has-post-thumbnail","6":"product_cat-metalicas","8":"first","9":"instock","10":"shipping-taxable","11":"product-type-simple"},"_links":{"self":[{"href":"https:\/\/promoalge.com.br\/index.php?rest_route=\/wp\/v2\/product\/9851","targetHints":{"allow":["GET"]}}],"collection":[{"href":"https:\/\/promoalge.com.br\/index.php?rest_route=\/wp\/v2\/product"}],"about":[{"href":"https:\/\/promoalge.com.br\/index.php?rest_route=\/wp\/v2\/types\/product"}],"wp:featuredmedia":[{"embeddable":true,"href":"https:\/\/promoalge.com.br\/index.php?rest_route=\/wp\/v2\/media\/9852"}],"wp:attachment":[{"href":"https:\/\/promoalge.com.br\/index.php?rest_route=%2Fwp%2Fv2%2Fmedia&parent=9851"}],"wp:term":[{"taxonomy":"product_brand","embeddable":true,"href":"https:\/\/promoalge.com.br\/index.php?rest_route=%2Fwp%2Fv2%2Fproduct_brand&post=9851"},{"taxonomy":"product_cat","embeddable":true,"href":"https:\/\/promoalge.com.br\/index.php?rest_route=%2Fwp%2Fv2%2Fproduct_cat&post=9851"},{"taxonomy":"product_tag","embeddable":true,"href":"https:\/\/promoalge.com.br\/index.php?rest_route=%2Fwp%2Fv2%2Fproduct_tag&post=9851"}],"curies":[{"name":"wp","href":"https:\/\/api.w.org\/{rel}","templated":true}]}}