{"id":987,"date":"2018-06-28T18:00:08","date_gmt":"2018-06-28T21:00:08","guid":{"rendered":"http:\/\/promoalge.com.br\/?post_type=product&#038;p=987"},"modified":"2018-06-28T18:00:09","modified_gmt":"2018-06-28T21:00:09","slug":"petisqueira-prpet5050","status":"publish","type":"product","link":"https:\/\/promoalge.com.br\/?product=petisqueira-prpet5050","title":{"rendered":"Petisqueira &#8211; PRPET5050"},"content":{"rendered":"","protected":false},"excerpt":{"rendered":"<p>Petisqueira em bambu com 02 potes de cer\u00e2mica e 02 esp\u00e1tulas em bambu. Grava\u00e7\u00e3o a laser.<\/p>\n","protected":false},"featured_media":988,"template":"","meta":[],"product_brand":[],"product_cat":[49],"product_tag":[],"class_list":{"0":"post-987","1":"product","2":"type-product","3":"status-publish","4":"has-post-thumbnail","6":"product_cat-bar-queijo-vinhos","8":"first","9":"instock","10":"shipping-taxable","11":"product-type-simple"},"_links":{"self":[{"href":"https:\/\/promoalge.com.br\/index.php?rest_route=\/wp\/v2\/product\/987","targetHints":{"allow":["GET"]}}],"collection":[{"href":"https:\/\/promoalge.com.br\/index.php?rest_route=\/wp\/v2\/product"}],"about":[{"href":"https:\/\/promoalge.com.br\/index.php?rest_route=\/wp\/v2\/types\/product"}],"wp:featuredmedia":[{"embeddable":true,"href":"https:\/\/promoalge.com.br\/index.php?rest_route=\/wp\/v2\/media\/988"}],"wp:attachment":[{"href":"https:\/\/promoalge.com.br\/index.php?rest_route=%2Fwp%2Fv2%2Fmedia&parent=987"}],"wp:term":[{"taxonomy":"product_brand","embeddable":true,"href":"https:\/\/promoalge.com.br\/index.php?rest_route=%2Fwp%2Fv2%2Fproduct_brand&post=987"},{"taxonomy":"product_cat","embeddable":true,"href":"https:\/\/promoalge.com.br\/index.php?rest_route=%2Fwp%2Fv2%2Fproduct_cat&post=987"},{"taxonomy":"product_tag","embeddable":true,"href":"https:\/\/promoalge.com.br\/index.php?rest_route=%2Fwp%2Fv2%2Fproduct_tag&post=987"}],"curies":[{"name":"wp","href":"https:\/\/api.w.org\/{rel}","templated":true}]}}