{"id":9872,"date":"2025-03-11T16:54:16","date_gmt":"2025-03-11T19:54:16","guid":{"rendered":"https:\/\/promoalge.com.br\/?post_type=product&#038;p=9872"},"modified":"2025-04-08T17:56:44","modified_gmt":"2025-04-08T20:56:44","slug":"porta-joias-com-espelho-pr-18911","status":"publish","type":"product","link":"https:\/\/promoalge.com.br\/?product=porta-joias-com-espelho-pr-18911","title":{"rendered":"Porta-Joias com Espelho &#8211; PR 18911"},"content":{"rendered":"","protected":false},"excerpt":{"rendered":"<p>Descri\u00e7\u00e3o: Nosso Porta-j\u00f3ias organiza seus acess\u00f3rios de forma pr\u00e1tica e compacta. Produzido em pl\u00e1stico, \u00e9 a escolha ideal para manter an\u00e9is, brincos, batom e pulseiras sempre acess\u00edveis. Com 7 compartimentos estrat\u00e9gicos para guardar tudo, feitos em material macio e emborrachado, remov\u00edveis para facilitar a limpeza, ele tamb\u00e9m conta com um espelho na tampa, facilitando na hora de montar looks com as j\u00f3ias. Perfeito para quem valoriza organiza\u00e7\u00e3o, autocuidado e praticidade no dia a dia.<\/p>\n<p>Altura :  3 cm<\/p>\n<p>Largura :  10 cm<\/p>\n<p>Profundidade :  9,9 cm<\/p>\n<p>Quantidade m\u00ednima 50 unidades.<\/p>\n","protected":false},"featured_media":9873,"template":"","meta":[],"product_brand":[],"product_cat":[353,413],"product_tag":[],"class_list":{"0":"post-9872","1":"product","2":"type-product","3":"status-publish","4":"has-post-thumbnail","6":"product_cat-diversos","7":"product_cat-linha-feminina","9":"first","10":"instock","11":"shipping-taxable","12":"product-type-simple"},"_links":{"self":[{"href":"https:\/\/promoalge.com.br\/index.php?rest_route=\/wp\/v2\/product\/9872","targetHints":{"allow":["GET"]}}],"collection":[{"href":"https:\/\/promoalge.com.br\/index.php?rest_route=\/wp\/v2\/product"}],"about":[{"href":"https:\/\/promoalge.com.br\/index.php?rest_route=\/wp\/v2\/types\/product"}],"wp:featuredmedia":[{"embeddable":true,"href":"https:\/\/promoalge.com.br\/index.php?rest_route=\/wp\/v2\/media\/9873"}],"wp:attachment":[{"href":"https:\/\/promoalge.com.br\/index.php?rest_route=%2Fwp%2Fv2%2Fmedia&parent=9872"}],"wp:term":[{"taxonomy":"product_brand","embeddable":true,"href":"https:\/\/promoalge.com.br\/index.php?rest_route=%2Fwp%2Fv2%2Fproduct_brand&post=9872"},{"taxonomy":"product_cat","embeddable":true,"href":"https:\/\/promoalge.com.br\/index.php?rest_route=%2Fwp%2Fv2%2Fproduct_cat&post=9872"},{"taxonomy":"product_tag","embeddable":true,"href":"https:\/\/promoalge.com.br\/index.php?rest_route=%2Fwp%2Fv2%2Fproduct_tag&post=9872"}],"curies":[{"name":"wp","href":"https:\/\/api.w.org\/{rel}","templated":true}]}}