{"id":9874,"date":"2025-03-11T17:01:05","date_gmt":"2025-03-11T20:01:05","guid":{"rendered":"https:\/\/promoalge.com.br\/?post_type=product&#038;p=9874"},"modified":"2025-04-08T17:56:37","modified_gmt":"2025-04-08T20:56:37","slug":"mini-massageador-corporal-pr-08059","status":"publish","type":"product","link":"https:\/\/promoalge.com.br\/?product=mini-massageador-corporal-pr-08059","title":{"rendered":"Mini Massageador Corporal &#8211; PR 08059"},"content":{"rendered":"","protected":false},"excerpt":{"rendered":"<p>Descri\u00e7\u00e3o: O massageador que alivia tens\u00f5es musculares de forma eficiente e relaxante. Feito de pl\u00e1stico leve e resistente, oferece flexibilidade com op\u00e7\u00f5es de alimenta\u00e7\u00e3o via cabo USB ou 3 pilhas AAA. Ideal para aumentar a qualidade de vida e ser uma alternativa para relaxar na correria do dia a dia.<\/p>\n<p>Altura :  8,2 cm<\/p>\n<p>Largura :  8,5 cm<\/p>\n<p>Quantidade minima de 50 unidades.<\/p>\n","protected":false},"featured_media":9875,"template":"","meta":[],"product_brand":[],"product_cat":[353,413],"product_tag":[],"class_list":{"0":"post-9874","1":"product","2":"type-product","3":"status-publish","4":"has-post-thumbnail","6":"product_cat-diversos","7":"product_cat-linha-feminina","9":"first","10":"instock","11":"shipping-taxable","12":"product-type-simple"},"_links":{"self":[{"href":"https:\/\/promoalge.com.br\/index.php?rest_route=\/wp\/v2\/product\/9874","targetHints":{"allow":["GET"]}}],"collection":[{"href":"https:\/\/promoalge.com.br\/index.php?rest_route=\/wp\/v2\/product"}],"about":[{"href":"https:\/\/promoalge.com.br\/index.php?rest_route=\/wp\/v2\/types\/product"}],"wp:featuredmedia":[{"embeddable":true,"href":"https:\/\/promoalge.com.br\/index.php?rest_route=\/wp\/v2\/media\/9875"}],"wp:attachment":[{"href":"https:\/\/promoalge.com.br\/index.php?rest_route=%2Fwp%2Fv2%2Fmedia&parent=9874"}],"wp:term":[{"taxonomy":"product_brand","embeddable":true,"href":"https:\/\/promoalge.com.br\/index.php?rest_route=%2Fwp%2Fv2%2Fproduct_brand&post=9874"},{"taxonomy":"product_cat","embeddable":true,"href":"https:\/\/promoalge.com.br\/index.php?rest_route=%2Fwp%2Fv2%2Fproduct_cat&post=9874"},{"taxonomy":"product_tag","embeddable":true,"href":"https:\/\/promoalge.com.br\/index.php?rest_route=%2Fwp%2Fv2%2Fproduct_tag&post=9874"}],"curies":[{"name":"wp","href":"https:\/\/api.w.org\/{rel}","templated":true}]}}