{"id":9876,"date":"2025-03-11T17:03:53","date_gmt":"2025-03-11T20:03:53","guid":{"rendered":"https:\/\/promoalge.com.br\/?post_type=product&#038;p=9876"},"modified":"2025-03-19T20:27:08","modified_gmt":"2025-03-19T23:27:08","slug":"bolsa-termica-oxford-8-litros-pr-18866","status":"publish","type":"product","link":"https:\/\/promoalge.com.br\/?product=bolsa-termica-oxford-8-litros-pr-18866","title":{"rendered":"Bolsa T\u00e9rmica Oxford 8 Litros &#8211; PR 18866"},"content":{"rendered":"","protected":false},"excerpt":{"rendered":"<p>Descri\u00e7\u00e3o: A bolsa t\u00e9rmica perfeita para o seu dia a dia! Feita em tecido Oxford com capacidade de 8 litros, seu formato cil\u00edndrico garante mais espa\u00e7o interno, al\u00e9m de um revestimento t\u00e9rmico em alum\u00ednio para manter bebidas e alimentos na temperatura ideal. Com al\u00e7a de ombro ajust\u00e1vel e remov\u00edvel, ela \u00e9 pr\u00e1tica e vers\u00e1til, tornando-se o item certo para viagens, aventuras ao ar livre, trabalho ou academia. Companheira indispens\u00e1vel para manter tudo organizado.<\/p>\n<p>Altura :  26,4 cm<\/p>\n<p>Largura :  17,7 cm<\/p>\n<p>Profundidade :  17,4 cm<\/p>\n<p>Quantidade m\u00ednima de 50 unidades.<\/p>\n","protected":false},"featured_media":9877,"template":"","meta":[],"product_brand":[],"product_cat":[79,410,414],"product_tag":[],"class_list":{"0":"post-9876","1":"product","2":"type-product","3":"status-publish","4":"has-post-thumbnail","6":"product_cat-bolsas-mochilas","7":"product_cat-eventos-pastas-pvc","8":"product_cat-praia-verao","10":"first","11":"instock","12":"shipping-taxable","13":"product-type-simple"},"_links":{"self":[{"href":"https:\/\/promoalge.com.br\/index.php?rest_route=\/wp\/v2\/product\/9876","targetHints":{"allow":["GET"]}}],"collection":[{"href":"https:\/\/promoalge.com.br\/index.php?rest_route=\/wp\/v2\/product"}],"about":[{"href":"https:\/\/promoalge.com.br\/index.php?rest_route=\/wp\/v2\/types\/product"}],"wp:featuredmedia":[{"embeddable":true,"href":"https:\/\/promoalge.com.br\/index.php?rest_route=\/wp\/v2\/media\/9877"}],"wp:attachment":[{"href":"https:\/\/promoalge.com.br\/index.php?rest_route=%2Fwp%2Fv2%2Fmedia&parent=9876"}],"wp:term":[{"taxonomy":"product_brand","embeddable":true,"href":"https:\/\/promoalge.com.br\/index.php?rest_route=%2Fwp%2Fv2%2Fproduct_brand&post=9876"},{"taxonomy":"product_cat","embeddable":true,"href":"https:\/\/promoalge.com.br\/index.php?rest_route=%2Fwp%2Fv2%2Fproduct_cat&post=9876"},{"taxonomy":"product_tag","embeddable":true,"href":"https:\/\/promoalge.com.br\/index.php?rest_route=%2Fwp%2Fv2%2Fproduct_tag&post=9876"}],"curies":[{"name":"wp","href":"https:\/\/api.w.org\/{rel}","templated":true}]}}