{"id":9885,"date":"2025-03-13T14:39:24","date_gmt":"2025-03-13T17:39:24","guid":{"rendered":"http:\/\/promoalge.com.br\/?post_type=product&#038;p=9885"},"modified":"2025-04-01T15:49:08","modified_gmt":"2025-04-01T18:49:08","slug":"espelho-duplo-revestido-em-pu-pr-18830","status":"publish","type":"product","link":"https:\/\/promoalge.com.br\/?product=espelho-duplo-revestido-em-pu-pr-18830","title":{"rendered":"Espelho Duplo Revestido em PU &#8211; PR 18830"},"content":{"rendered":"","protected":false},"excerpt":{"rendered":"<p>Descri\u00e7\u00e3o: Realce a beleza com nosso espelho duplo! Com uma face convencional e outra com aumento, ele \u00e9 perfeito para conferir o visual ou caprichar na make. Seu revestimento em PU oferece praticidade e um toque sofisticado para os cuidados di\u00e1rios.<\/p>\n<p>Altura :  2,5 cm<\/p>\n<p>Largura :  7,2 cm<\/p>\n<p>Espessura :  2,5 cm<\/p>\n<p>Quantidade m\u00ednima de 50 unidades.<\/p>\n","protected":false},"featured_media":9886,"template":"","meta":[],"product_brand":[],"product_cat":[413],"product_tag":[],"class_list":{"0":"post-9885","1":"product","2":"type-product","3":"status-publish","4":"has-post-thumbnail","6":"product_cat-linha-feminina","8":"first","9":"instock","10":"shipping-taxable","11":"product-type-simple"},"_links":{"self":[{"href":"https:\/\/promoalge.com.br\/index.php?rest_route=\/wp\/v2\/product\/9885","targetHints":{"allow":["GET"]}}],"collection":[{"href":"https:\/\/promoalge.com.br\/index.php?rest_route=\/wp\/v2\/product"}],"about":[{"href":"https:\/\/promoalge.com.br\/index.php?rest_route=\/wp\/v2\/types\/product"}],"wp:featuredmedia":[{"embeddable":true,"href":"https:\/\/promoalge.com.br\/index.php?rest_route=\/wp\/v2\/media\/9886"}],"wp:attachment":[{"href":"https:\/\/promoalge.com.br\/index.php?rest_route=%2Fwp%2Fv2%2Fmedia&parent=9885"}],"wp:term":[{"taxonomy":"product_brand","embeddable":true,"href":"https:\/\/promoalge.com.br\/index.php?rest_route=%2Fwp%2Fv2%2Fproduct_brand&post=9885"},{"taxonomy":"product_cat","embeddable":true,"href":"https:\/\/promoalge.com.br\/index.php?rest_route=%2Fwp%2Fv2%2Fproduct_cat&post=9885"},{"taxonomy":"product_tag","embeddable":true,"href":"https:\/\/promoalge.com.br\/index.php?rest_route=%2Fwp%2Fv2%2Fproduct_tag&post=9885"}],"curies":[{"name":"wp","href":"https:\/\/api.w.org\/{rel}","templated":true}]}}