{"id":9887,"date":"2025-03-13T14:41:24","date_gmt":"2025-03-13T17:41:24","guid":{"rendered":"http:\/\/promoalge.com.br\/?post_type=product&#038;p=9887"},"modified":"2025-03-13T14:41:24","modified_gmt":"2025-03-13T17:41:24","slug":"squeeze-plastico-700ml-pr-18718","status":"publish","type":"product","link":"https:\/\/promoalge.com.br\/?product=squeeze-plastico-700ml-pr-18718","title":{"rendered":"Squeeze Pl\u00e1stico 700ml &#8211; PR 18718"},"content":{"rendered":"","protected":false},"excerpt":{"rendered":"<p>Descri\u00e7\u00e3o: Squeeze pl\u00e1stico com capacidade de 700ml, possui tampa rosque\u00e1vel com bot\u00e3o de acionamento, trava de seguran\u00e7a e al\u00e7a para transporte.<\/p>\n<p>Altura :  24,8 cm<\/p>\n<p>Largura :  8,2 cm<\/p>\n<p>Circunfer\u00eancia :  23 cm<\/p>\n<p>Quantidade m\u00ednima de 50 unidades.<\/p>\n","protected":false},"featured_media":9888,"template":"","meta":[],"product_brand":[],"product_cat":[251],"product_tag":[],"class_list":{"0":"post-9887","1":"product","2":"type-product","3":"status-publish","4":"has-post-thumbnail","6":"product_cat-plastica-canecas-copos-garrafas","8":"first","9":"instock","10":"shipping-taxable","11":"product-type-simple"},"_links":{"self":[{"href":"https:\/\/promoalge.com.br\/index.php?rest_route=\/wp\/v2\/product\/9887","targetHints":{"allow":["GET"]}}],"collection":[{"href":"https:\/\/promoalge.com.br\/index.php?rest_route=\/wp\/v2\/product"}],"about":[{"href":"https:\/\/promoalge.com.br\/index.php?rest_route=\/wp\/v2\/types\/product"}],"wp:featuredmedia":[{"embeddable":true,"href":"https:\/\/promoalge.com.br\/index.php?rest_route=\/wp\/v2\/media\/9888"}],"wp:attachment":[{"href":"https:\/\/promoalge.com.br\/index.php?rest_route=%2Fwp%2Fv2%2Fmedia&parent=9887"}],"wp:term":[{"taxonomy":"product_brand","embeddable":true,"href":"https:\/\/promoalge.com.br\/index.php?rest_route=%2Fwp%2Fv2%2Fproduct_brand&post=9887"},{"taxonomy":"product_cat","embeddable":true,"href":"https:\/\/promoalge.com.br\/index.php?rest_route=%2Fwp%2Fv2%2Fproduct_cat&post=9887"},{"taxonomy":"product_tag","embeddable":true,"href":"https:\/\/promoalge.com.br\/index.php?rest_route=%2Fwp%2Fv2%2Fproduct_tag&post=9887"}],"curies":[{"name":"wp","href":"https:\/\/api.w.org\/{rel}","templated":true}]}}