{"id":9893,"date":"2025-03-13T14:48:15","date_gmt":"2025-03-13T17:48:15","guid":{"rendered":"http:\/\/promoalge.com.br\/?post_type=product&#038;p=9893"},"modified":"2025-03-13T14:48:15","modified_gmt":"2025-03-13T17:48:15","slug":"pasta-para-notebook-156-de-poliester-pr-04090","status":"publish","type":"product","link":"https:\/\/promoalge.com.br\/?product=pasta-para-notebook-156-de-poliester-pr-04090","title":{"rendered":"Pasta para Notebook 15\u20196 de Poli\u00e9ster &#8211; PR 04090"},"content":{"rendered":"","protected":false},"excerpt":{"rendered":"<p>Descri\u00e7\u00e3o: Pasta para notebook 15\u20196 em poli\u00e9ster resistente \u00e0 \u00e1gua com dois compartimentos, sendo o principal para notebook e o outro frontal. Cont\u00e9m interior forrado e almofadado e engate para malas de viagem.<\/p>\n<p>Altura :  30,8 cm<\/p>\n<p>Profundidade :  5 cm<\/p>\n<p>Comprimento :  41,5 cm<\/p>\n<p>Quantidade m\u00ednima de 50 unidades.<\/p>\n","protected":false},"featured_media":9894,"template":"","meta":[],"product_brand":[],"product_cat":[410],"product_tag":[],"class_list":{"0":"post-9893","1":"product","2":"type-product","3":"status-publish","4":"has-post-thumbnail","6":"product_cat-eventos-pastas-pvc","8":"first","9":"instock","10":"shipping-taxable","11":"product-type-simple"},"_links":{"self":[{"href":"https:\/\/promoalge.com.br\/index.php?rest_route=\/wp\/v2\/product\/9893","targetHints":{"allow":["GET"]}}],"collection":[{"href":"https:\/\/promoalge.com.br\/index.php?rest_route=\/wp\/v2\/product"}],"about":[{"href":"https:\/\/promoalge.com.br\/index.php?rest_route=\/wp\/v2\/types\/product"}],"wp:featuredmedia":[{"embeddable":true,"href":"https:\/\/promoalge.com.br\/index.php?rest_route=\/wp\/v2\/media\/9894"}],"wp:attachment":[{"href":"https:\/\/promoalge.com.br\/index.php?rest_route=%2Fwp%2Fv2%2Fmedia&parent=9893"}],"wp:term":[{"taxonomy":"product_brand","embeddable":true,"href":"https:\/\/promoalge.com.br\/index.php?rest_route=%2Fwp%2Fv2%2Fproduct_brand&post=9893"},{"taxonomy":"product_cat","embeddable":true,"href":"https:\/\/promoalge.com.br\/index.php?rest_route=%2Fwp%2Fv2%2Fproduct_cat&post=9893"},{"taxonomy":"product_tag","embeddable":true,"href":"https:\/\/promoalge.com.br\/index.php?rest_route=%2Fwp%2Fv2%2Fproduct_tag&post=9893"}],"curies":[{"name":"wp","href":"https:\/\/api.w.org\/{rel}","templated":true}]}}