{"id":9909,"date":"2025-03-13T16:32:48","date_gmt":"2025-03-13T19:32:48","guid":{"rendered":"http:\/\/promoalge.com.br\/?post_type=product&#038;p=9909"},"modified":"2025-03-19T20:25:59","modified_gmt":"2025-03-19T23:25:59","slug":"bloco-de-anotacoes-com-autoadesivos-e-caneta-pr-15222","status":"publish","type":"product","link":"https:\/\/promoalge.com.br\/?product=bloco-de-anotacoes-com-autoadesivos-e-caneta-pr-15222","title":{"rendered":"Bloco de Anota\u00e7\u00f5es com Autoadesivos e Caneta &#8211; PR 15222"},"content":{"rendered":"","protected":false},"excerpt":{"rendered":"<p>Descri\u00e7\u00e3o: Com este bloco, ficou mais f\u00e1cil se organizar e n\u00e3o deixar nenhuma tarefa ou compromisso passar batido. Com espa\u00e7o para registrar tarefas e pend\u00eancias de cada dia da semana, nosso bloco de anota\u00e7\u00f5es com planejamento semanal facilita o acompanhamento das atividades. Al\u00e9m do bloco com aproximadamente 92 folhas destac\u00e1veis, o kit inclui seis autoadesivos com aproximadamente 25 folhas, 10 clipes coloridos e uma caneta esferogr\u00e1fica azul 1.0mm, feita de papel\u00e3o com detalhes em pl\u00e1stico e acionamento por clique. Tudo o que voc\u00ea precisa para manter sua rotina organizada de forma pr\u00e1tica e funcional!<\/p>\n<p>Altura :  20,1 cm<\/p>\n<p>Largura :  24,9 cm<\/p>\n<p>Espessura :  1,7 cm<\/p>\n<p>Quantidade minima de 50 unidades<\/p>\n","protected":false},"featured_media":9910,"template":"","meta":[],"product_brand":[],"product_cat":[409,321],"product_tag":[],"class_list":{"0":"post-9909","1":"product","2":"type-product","3":"status-publish","4":"has-post-thumbnail","6":"product_cat-escritorio","7":"product_cat-linha-ecologica","9":"first","10":"instock","11":"shipping-taxable","12":"product-type-simple"},"_links":{"self":[{"href":"https:\/\/promoalge.com.br\/index.php?rest_route=\/wp\/v2\/product\/9909","targetHints":{"allow":["GET"]}}],"collection":[{"href":"https:\/\/promoalge.com.br\/index.php?rest_route=\/wp\/v2\/product"}],"about":[{"href":"https:\/\/promoalge.com.br\/index.php?rest_route=\/wp\/v2\/types\/product"}],"wp:featuredmedia":[{"embeddable":true,"href":"https:\/\/promoalge.com.br\/index.php?rest_route=\/wp\/v2\/media\/9910"}],"wp:attachment":[{"href":"https:\/\/promoalge.com.br\/index.php?rest_route=%2Fwp%2Fv2%2Fmedia&parent=9909"}],"wp:term":[{"taxonomy":"product_brand","embeddable":true,"href":"https:\/\/promoalge.com.br\/index.php?rest_route=%2Fwp%2Fv2%2Fproduct_brand&post=9909"},{"taxonomy":"product_cat","embeddable":true,"href":"https:\/\/promoalge.com.br\/index.php?rest_route=%2Fwp%2Fv2%2Fproduct_cat&post=9909"},{"taxonomy":"product_tag","embeddable":true,"href":"https:\/\/promoalge.com.br\/index.php?rest_route=%2Fwp%2Fv2%2Fproduct_tag&post=9909"}],"curies":[{"name":"wp","href":"https:\/\/api.w.org\/{rel}","templated":true}]}}