{"id":9911,"date":"2025-03-13T16:38:46","date_gmt":"2025-03-13T19:38:46","guid":{"rendered":"http:\/\/promoalge.com.br\/?post_type=product&#038;p=9911"},"modified":"2025-03-19T20:25:45","modified_gmt":"2025-03-19T23:25:45","slug":"kit-para-anotacoes-com-caneta-pr-18683","status":"publish","type":"product","link":"https:\/\/promoalge.com.br\/?product=kit-para-anotacoes-com-caneta-pr-18683","title":{"rendered":"Kit para Anota\u00e7\u00f5es com Caneta &#8211; PR 18683"},"content":{"rendered":"","protected":false},"excerpt":{"rendered":"<p>Descri\u00e7\u00e3o: Kit para anota\u00e7\u00f5es em couro sint\u00e9tico com autoadesivos e caneta pl\u00e1stica. Cont\u00e9m seis blocos com aproximadamente 50 folhas, conjunto de cinco marcadores pl\u00e1sticos autoadesivos com aproximadamente 26 folhas, bloco A5 com aproximadamente 50 folhas e caneta esferogr\u00e1fica com carga azul e acionamento por clique.<\/p>\n<p>Altura :  22,8 cm<\/p>\n<p>Largura :  16,6 cm<\/p>\n<p>Espessura :  1,7 cm<\/p>\n<p>Quantidade m\u00ednima de 50 unidades.<\/p>\n","protected":false},"featured_media":9912,"template":"","meta":[],"product_brand":[],"product_cat":[409],"product_tag":[],"class_list":{"0":"post-9911","1":"product","2":"type-product","3":"status-publish","4":"has-post-thumbnail","6":"product_cat-escritorio","8":"first","9":"instock","10":"shipping-taxable","11":"product-type-simple"},"_links":{"self":[{"href":"https:\/\/promoalge.com.br\/index.php?rest_route=\/wp\/v2\/product\/9911","targetHints":{"allow":["GET"]}}],"collection":[{"href":"https:\/\/promoalge.com.br\/index.php?rest_route=\/wp\/v2\/product"}],"about":[{"href":"https:\/\/promoalge.com.br\/index.php?rest_route=\/wp\/v2\/types\/product"}],"wp:featuredmedia":[{"embeddable":true,"href":"https:\/\/promoalge.com.br\/index.php?rest_route=\/wp\/v2\/media\/9912"}],"wp:attachment":[{"href":"https:\/\/promoalge.com.br\/index.php?rest_route=%2Fwp%2Fv2%2Fmedia&parent=9911"}],"wp:term":[{"taxonomy":"product_brand","embeddable":true,"href":"https:\/\/promoalge.com.br\/index.php?rest_route=%2Fwp%2Fv2%2Fproduct_brand&post=9911"},{"taxonomy":"product_cat","embeddable":true,"href":"https:\/\/promoalge.com.br\/index.php?rest_route=%2Fwp%2Fv2%2Fproduct_cat&post=9911"},{"taxonomy":"product_tag","embeddable":true,"href":"https:\/\/promoalge.com.br\/index.php?rest_route=%2Fwp%2Fv2%2Fproduct_tag&post=9911"}],"curies":[{"name":"wp","href":"https:\/\/api.w.org\/{rel}","templated":true}]}}