{"id":9919,"date":"2025-03-13T17:01:36","date_gmt":"2025-03-13T20:01:36","guid":{"rendered":"http:\/\/promoalge.com.br\/?post_type=product&#038;p=9919"},"modified":"2025-03-13T17:01:36","modified_gmt":"2025-03-13T20:01:36","slug":"mochila-saco-de-lona-e-cortica-pr-08078","status":"publish","type":"product","link":"https:\/\/promoalge.com.br\/?product=mochila-saco-de-lona-e-cortica-pr-08078","title":{"rendered":"Mochila Saco de Lona e Corti\u00e7a &#8211; PR 08078"},"content":{"rendered":"","protected":false},"excerpt":{"rendered":"<p>Descri\u00e7\u00e3o: Apresentamos a nossa mochila saco com al\u00e7as em algod\u00e3o, feita de lona e corti\u00e7a, perfeita para quem valoriza conforto e estilo. Seu design pr\u00e1tico se adapta a diversas situa\u00e7\u00f5es, tornando-a ideal para o dia a dia ou aventuras. Com materiais de qualidade, ela oferece durabilidade e um toque \u00fanico. Uma escolha que complementa a rotina com sofistica\u00e7\u00e3o discreta e ecol\u00f3gica.<\/p>\n<p>Altura :  42 cm<\/p>\n<p>Largura :  35,1 cm<\/p>\n<p>Quantidade m\u00ednima de 50 unidades.<\/p>\n","protected":false},"featured_media":9920,"template":"","meta":[],"product_brand":[],"product_cat":[321,410],"product_tag":[],"class_list":{"0":"post-9919","1":"product","2":"type-product","3":"status-publish","4":"has-post-thumbnail","6":"product_cat-linha-ecologica","7":"product_cat-eventos-pastas-pvc","9":"first","10":"instock","11":"shipping-taxable","12":"product-type-simple"},"_links":{"self":[{"href":"https:\/\/promoalge.com.br\/index.php?rest_route=\/wp\/v2\/product\/9919","targetHints":{"allow":["GET"]}}],"collection":[{"href":"https:\/\/promoalge.com.br\/index.php?rest_route=\/wp\/v2\/product"}],"about":[{"href":"https:\/\/promoalge.com.br\/index.php?rest_route=\/wp\/v2\/types\/product"}],"wp:featuredmedia":[{"embeddable":true,"href":"https:\/\/promoalge.com.br\/index.php?rest_route=\/wp\/v2\/media\/9920"}],"wp:attachment":[{"href":"https:\/\/promoalge.com.br\/index.php?rest_route=%2Fwp%2Fv2%2Fmedia&parent=9919"}],"wp:term":[{"taxonomy":"product_brand","embeddable":true,"href":"https:\/\/promoalge.com.br\/index.php?rest_route=%2Fwp%2Fv2%2Fproduct_brand&post=9919"},{"taxonomy":"product_cat","embeddable":true,"href":"https:\/\/promoalge.com.br\/index.php?rest_route=%2Fwp%2Fv2%2Fproduct_cat&post=9919"},{"taxonomy":"product_tag","embeddable":true,"href":"https:\/\/promoalge.com.br\/index.php?rest_route=%2Fwp%2Fv2%2Fproduct_tag&post=9919"}],"curies":[{"name":"wp","href":"https:\/\/api.w.org\/{rel}","templated":true}]}}