{"id":9932,"date":"2025-03-13T17:27:35","date_gmt":"2025-03-13T20:27:35","guid":{"rendered":"http:\/\/promoalge.com.br\/?post_type=product&#038;p=9932"},"modified":"2025-03-19T20:24:42","modified_gmt":"2025-03-19T23:24:42","slug":"luminaria-led-de-mesa-pr-08308","status":"publish","type":"product","link":"https:\/\/promoalge.com.br\/?product=luminaria-led-de-mesa-pr-08308","title":{"rendered":"Lumin\u00e1ria Led de Mesa &#8211; PR 08308"},"content":{"rendered":"","protected":false},"excerpt":{"rendered":"<p>Descri\u00e7\u00e3o: Muito mais do que uma lumin\u00e1ria de mesa led, ela transforma qualquer ambiente, trazendo aconchego e um toque personalizado! Com sua tela acr\u00edlica 3D, \u00e9 poss\u00edvel soltar a criatividade e deixar mensagens inspiradoras, lembretes importantes ou at\u00e9 desenhos fofos, tudo de um jeito pr\u00e1tico e super divertido! Super f\u00e1cil de usar, funciona com cabo USB ou 3 pilhas AAA (1.5V) n\u00e3o inclusas. Al\u00e9m disso, acompanha uma caneta pl\u00e1stica com apagador integrado, tornando a experi\u00eancia ainda mais pr\u00e1tica e interativa. Essa lumin\u00e1ria \u00e9 perfeita para iluminar o ambiente e deixar recadinhos incr\u00edveis do seu jeito!<\/p>\n<p>Altura :  19,4 cm<\/p>\n<p>Largura :  9,9 cm<\/p>\n<p>Espessura :  0,3 cmcm<\/p>\n<p>Quantidade m\u00ednima de 50 unidades.<\/p>\n","protected":false},"featured_media":9933,"template":"","meta":[],"product_brand":[],"product_cat":[353,417],"product_tag":[],"class_list":{"0":"post-9932","1":"product","2":"type-product","3":"status-publish","4":"has-post-thumbnail","6":"product_cat-diversos","7":"product_cat-pendrive-tecnologia","9":"first","10":"instock","11":"shipping-taxable","12":"product-type-simple"},"_links":{"self":[{"href":"https:\/\/promoalge.com.br\/index.php?rest_route=\/wp\/v2\/product\/9932","targetHints":{"allow":["GET"]}}],"collection":[{"href":"https:\/\/promoalge.com.br\/index.php?rest_route=\/wp\/v2\/product"}],"about":[{"href":"https:\/\/promoalge.com.br\/index.php?rest_route=\/wp\/v2\/types\/product"}],"wp:featuredmedia":[{"embeddable":true,"href":"https:\/\/promoalge.com.br\/index.php?rest_route=\/wp\/v2\/media\/9933"}],"wp:attachment":[{"href":"https:\/\/promoalge.com.br\/index.php?rest_route=%2Fwp%2Fv2%2Fmedia&parent=9932"}],"wp:term":[{"taxonomy":"product_brand","embeddable":true,"href":"https:\/\/promoalge.com.br\/index.php?rest_route=%2Fwp%2Fv2%2Fproduct_brand&post=9932"},{"taxonomy":"product_cat","embeddable":true,"href":"https:\/\/promoalge.com.br\/index.php?rest_route=%2Fwp%2Fv2%2Fproduct_cat&post=9932"},{"taxonomy":"product_tag","embeddable":true,"href":"https:\/\/promoalge.com.br\/index.php?rest_route=%2Fwp%2Fv2%2Fproduct_tag&post=9932"}],"curies":[{"name":"wp","href":"https:\/\/api.w.org\/{rel}","templated":true}]}}