{"id":9934,"date":"2025-03-13T17:29:53","date_gmt":"2025-03-13T20:29:53","guid":{"rendered":"http:\/\/promoalge.com.br\/?post_type=product&#038;p=9934"},"modified":"2025-03-19T20:24:32","modified_gmt":"2025-03-19T23:24:32","slug":"chapeu-bucket-dobravel-pr-18897","status":"publish","type":"product","link":"https:\/\/promoalge.com.br\/?product=chapeu-bucket-dobravel-pr-18897","title":{"rendered":"Chap\u00e9u Bucket Dobr\u00e1vel &#8211; PR 18897"},"content":{"rendered":"","protected":false},"excerpt":{"rendered":"<p>Descri\u00e7\u00e3o: O chap\u00e9u bucket une versatilidade e estilo, seu tamanho \u00fanico \u00e9 ajust\u00e1vel para a maioria dos adultos. Dobr\u00e1vel e f\u00e1cil de transportar, cabe na bolsa ou bolso, e at\u00e9 mesmo pode ser pendurado j\u00e1 que possui gancho para prend\u00ea-lo onde quiser. Feito em poli\u00e9ster de alta qualidade, \u00e9 imperme\u00e1vel, macio, confort\u00e1vel, respir\u00e1vel e mant\u00e9m a forma ap\u00f3s dobrado. Perfeito para pesca, praia, trilhas, acampamentos e passeios urbanos, garantindo prote\u00e7\u00e3o solar enquanto complementa seu visual com uma est\u00e9tica \u00fanica.<\/p>\n<p>Largura :  fechado-15cm<\/p>\n<p>Profundidade :  aberto-8,1cm<\/p>\n<p>Quantidade m\u00ednima de 50 unidades.<\/p>\n","protected":false},"featured_media":9935,"template":"","meta":[],"product_brand":[],"product_cat":[93],"product_tag":[],"class_list":{"0":"post-9934","1":"product","2":"type-product","3":"status-publish","4":"has-post-thumbnail","6":"product_cat-bones-viseiras","8":"first","9":"instock","10":"shipping-taxable","11":"product-type-simple"},"_links":{"self":[{"href":"https:\/\/promoalge.com.br\/index.php?rest_route=\/wp\/v2\/product\/9934","targetHints":{"allow":["GET"]}}],"collection":[{"href":"https:\/\/promoalge.com.br\/index.php?rest_route=\/wp\/v2\/product"}],"about":[{"href":"https:\/\/promoalge.com.br\/index.php?rest_route=\/wp\/v2\/types\/product"}],"wp:featuredmedia":[{"embeddable":true,"href":"https:\/\/promoalge.com.br\/index.php?rest_route=\/wp\/v2\/media\/9935"}],"wp:attachment":[{"href":"https:\/\/promoalge.com.br\/index.php?rest_route=%2Fwp%2Fv2%2Fmedia&parent=9934"}],"wp:term":[{"taxonomy":"product_brand","embeddable":true,"href":"https:\/\/promoalge.com.br\/index.php?rest_route=%2Fwp%2Fv2%2Fproduct_brand&post=9934"},{"taxonomy":"product_cat","embeddable":true,"href":"https:\/\/promoalge.com.br\/index.php?rest_route=%2Fwp%2Fv2%2Fproduct_cat&post=9934"},{"taxonomy":"product_tag","embeddable":true,"href":"https:\/\/promoalge.com.br\/index.php?rest_route=%2Fwp%2Fv2%2Fproduct_tag&post=9934"}],"curies":[{"name":"wp","href":"https:\/\/api.w.org\/{rel}","templated":true}]}}