{"id":9947,"date":"2025-04-01T15:54:36","date_gmt":"2025-04-01T18:54:36","guid":{"rendered":"https:\/\/promoalge.com.br\/?post_type=product&#038;p=9947"},"modified":"2025-04-01T15:55:29","modified_gmt":"2025-04-01T18:55:29","slug":"kit-copo-inox-50ml-4-pecas-pr-08165","status":"publish","type":"product","link":"https:\/\/promoalge.com.br\/?product=kit-copo-inox-50ml-4-pecas-pr-08165","title":{"rendered":"Kit Copo Inox 50ml 4 Pe\u00e7as &#8211; PR 08165"},"content":{"rendered":"","protected":false},"excerpt":{"rendered":"<p>Descri\u00e7\u00e3o: Para quem aprecia bons drinks na companhia dos amigos, este Kit Copo Inox 50ml com 4 pe\u00e7as \u00e9 a escolha perfeita! Ideal para saborear doses pequenas, como tequila, shots ou outras bebidas de sua prefer\u00eancia. Os quatro copos t\u00eam acabamento em couro sint\u00e9tico, proporcionando um toque sofisticado e confort\u00e1vel ao segurar. Para completar, o kit inclui um case em couro sint\u00e9tico, permitindo armazen\u00e1-los de forma empilh\u00e1vel, economizando espa\u00e7o e tornando-o super port\u00e1til, perfeito para aquele evento inesperado, encontros ou momentos especiais com os amigos.<\/p>\n<p>Altura :  8,5 cm<\/p>\n<p>Largura :  5,8 cm<\/p>\n<p>Circunfer\u00eancia :  18,8 cm<\/p>\n<p>Quantidade m\u00ednima de 50 unidades.<\/p>\n","protected":false},"featured_media":9948,"template":"","meta":[],"product_brand":[],"product_cat":[407],"product_tag":[],"class_list":{"0":"post-9947","1":"product","2":"type-product","3":"status-publish","4":"has-post-thumbnail","6":"product_cat-conjuntos","8":"first","9":"instock","10":"shipping-taxable","11":"product-type-simple"},"_links":{"self":[{"href":"https:\/\/promoalge.com.br\/index.php?rest_route=\/wp\/v2\/product\/9947","targetHints":{"allow":["GET"]}}],"collection":[{"href":"https:\/\/promoalge.com.br\/index.php?rest_route=\/wp\/v2\/product"}],"about":[{"href":"https:\/\/promoalge.com.br\/index.php?rest_route=\/wp\/v2\/types\/product"}],"wp:featuredmedia":[{"embeddable":true,"href":"https:\/\/promoalge.com.br\/index.php?rest_route=\/wp\/v2\/media\/9948"}],"wp:attachment":[{"href":"https:\/\/promoalge.com.br\/index.php?rest_route=%2Fwp%2Fv2%2Fmedia&parent=9947"}],"wp:term":[{"taxonomy":"product_brand","embeddable":true,"href":"https:\/\/promoalge.com.br\/index.php?rest_route=%2Fwp%2Fv2%2Fproduct_brand&post=9947"},{"taxonomy":"product_cat","embeddable":true,"href":"https:\/\/promoalge.com.br\/index.php?rest_route=%2Fwp%2Fv2%2Fproduct_cat&post=9947"},{"taxonomy":"product_tag","embeddable":true,"href":"https:\/\/promoalge.com.br\/index.php?rest_route=%2Fwp%2Fv2%2Fproduct_tag&post=9947"}],"curies":[{"name":"wp","href":"https:\/\/api.w.org\/{rel}","templated":true}]}}