{"id":9955,"date":"2025-04-01T16:11:25","date_gmt":"2025-04-01T19:11:25","guid":{"rendered":"https:\/\/promoalge.com.br\/?post_type=product&#038;p=9955"},"modified":"2025-04-01T16:11:25","modified_gmt":"2025-04-01T19:11:25","slug":"garrafa-plastica-700ml-pr-02416","status":"publish","type":"product","link":"https:\/\/promoalge.com.br\/?product=garrafa-plastica-700ml-pr-02416","title":{"rendered":"Garrafa Pl\u00e1stica 700ml &#8211; PR 02416"},"content":{"rendered":"","protected":false},"excerpt":{"rendered":"<p>Descri\u00e7\u00e3o: Mantenha-se hidratado com a nossa garrafa ideal para o dia a dia. Feita de pl\u00e1stico resistente, ela combina praticidade e funcionalidade com um design inteligente. Possui tampa com bocal e bot\u00e3o de acionamento para facilitar o uso, al\u00e7a para transporte que garante praticidade onde quer que voc\u00ea v\u00e1, e um marcador de hor\u00e1rio que ajuda a lembrar de se hidratar ao longo do dia, al\u00e9m de motivar quem tem dificuldade em manter uma rotina de consumo de \u00e1gua.<\/p>\n<p>Largura :  7,1 cm<\/p>\n<p>Circunfer\u00eancia :  22,2 cm<\/p>\n<p>Comprimento :  26,2 cm<\/p>\n<p>Quantidade m\u00ednima de 50 unidades.<\/p>\n","protected":false},"featured_media":9956,"template":"","meta":[],"product_brand":[],"product_cat":[251],"product_tag":[],"class_list":{"0":"post-9955","1":"product","2":"type-product","3":"status-publish","4":"has-post-thumbnail","6":"product_cat-plastica-canecas-copos-garrafas","8":"first","9":"instock","10":"shipping-taxable","11":"product-type-simple"},"_links":{"self":[{"href":"https:\/\/promoalge.com.br\/index.php?rest_route=\/wp\/v2\/product\/9955","targetHints":{"allow":["GET"]}}],"collection":[{"href":"https:\/\/promoalge.com.br\/index.php?rest_route=\/wp\/v2\/product"}],"about":[{"href":"https:\/\/promoalge.com.br\/index.php?rest_route=\/wp\/v2\/types\/product"}],"wp:featuredmedia":[{"embeddable":true,"href":"https:\/\/promoalge.com.br\/index.php?rest_route=\/wp\/v2\/media\/9956"}],"wp:attachment":[{"href":"https:\/\/promoalge.com.br\/index.php?rest_route=%2Fwp%2Fv2%2Fmedia&parent=9955"}],"wp:term":[{"taxonomy":"product_brand","embeddable":true,"href":"https:\/\/promoalge.com.br\/index.php?rest_route=%2Fwp%2Fv2%2Fproduct_brand&post=9955"},{"taxonomy":"product_cat","embeddable":true,"href":"https:\/\/promoalge.com.br\/index.php?rest_route=%2Fwp%2Fv2%2Fproduct_cat&post=9955"},{"taxonomy":"product_tag","embeddable":true,"href":"https:\/\/promoalge.com.br\/index.php?rest_route=%2Fwp%2Fv2%2Fproduct_tag&post=9955"}],"curies":[{"name":"wp","href":"https:\/\/api.w.org\/{rel}","templated":true}]}}