{"id":9957,"date":"2025-04-01T16:13:32","date_gmt":"2025-04-01T19:13:32","guid":{"rendered":"https:\/\/promoalge.com.br\/?post_type=product&#038;p=9957"},"modified":"2025-04-08T17:55:41","modified_gmt":"2025-04-08T20:55:41","slug":"bloco-de-anotacoes-com-autoadesivos-pr-08276","status":"publish","type":"product","link":"https:\/\/promoalge.com.br\/?product=bloco-de-anotacoes-com-autoadesivos-pr-08276","title":{"rendered":"Bloco de Anota\u00e7\u00f5es com Autoadesivos &#8211; PR 08276"},"content":{"rendered":"","protected":false},"excerpt":{"rendered":"<p>Descri\u00e7\u00e3o: Anote e marque os registros importantes com nosso Bloco de Anota\u00e7\u00f5es em Kraft. Ideal para acompanhar uma rotina cheia de anota\u00e7\u00f5es, com aproximadamente 80 folhas marfim para escrever e destacar sempre que necess\u00e1rio. Conta com um bloco autoadesivo rosa com cerca de 25 folhas, autoadesivos coloridos com aproximadamente 24 unidades e um suporte para caneta em nylon, deixando tudo mais acess\u00edvel. Com o Bloco de Anota\u00e7\u00f5es em Kraft, voc\u00ea ter\u00e1 tudo o que precisa para registrar e organizar  ideias de forma eficiente. <\/p>\n<p>Altura :  19,5 cm<\/p>\n<p>Largura :  11,4 cm<\/p>\n<p>Espessura :  1,5 cm<\/p>\n<p>Quantidade m\u00ednima de 50 unidades.<\/p>\n","protected":false},"featured_media":9958,"template":"","meta":[],"product_brand":[],"product_cat":[409],"product_tag":[],"class_list":{"0":"post-9957","1":"product","2":"type-product","3":"status-publish","4":"has-post-thumbnail","6":"product_cat-escritorio","8":"first","9":"instock","10":"shipping-taxable","11":"product-type-simple"},"_links":{"self":[{"href":"https:\/\/promoalge.com.br\/index.php?rest_route=\/wp\/v2\/product\/9957","targetHints":{"allow":["GET"]}}],"collection":[{"href":"https:\/\/promoalge.com.br\/index.php?rest_route=\/wp\/v2\/product"}],"about":[{"href":"https:\/\/promoalge.com.br\/index.php?rest_route=\/wp\/v2\/types\/product"}],"wp:featuredmedia":[{"embeddable":true,"href":"https:\/\/promoalge.com.br\/index.php?rest_route=\/wp\/v2\/media\/9958"}],"wp:attachment":[{"href":"https:\/\/promoalge.com.br\/index.php?rest_route=%2Fwp%2Fv2%2Fmedia&parent=9957"}],"wp:term":[{"taxonomy":"product_brand","embeddable":true,"href":"https:\/\/promoalge.com.br\/index.php?rest_route=%2Fwp%2Fv2%2Fproduct_brand&post=9957"},{"taxonomy":"product_cat","embeddable":true,"href":"https:\/\/promoalge.com.br\/index.php?rest_route=%2Fwp%2Fv2%2Fproduct_cat&post=9957"},{"taxonomy":"product_tag","embeddable":true,"href":"https:\/\/promoalge.com.br\/index.php?rest_route=%2Fwp%2Fv2%2Fproduct_tag&post=9957"}],"curies":[{"name":"wp","href":"https:\/\/api.w.org\/{rel}","templated":true}]}}