{"id":9959,"date":"2025-04-01T16:16:01","date_gmt":"2025-04-01T19:16:01","guid":{"rendered":"https:\/\/promoalge.com.br\/?post_type=product&#038;p=9959"},"modified":"2025-04-01T16:16:01","modified_gmt":"2025-04-01T19:16:01","slug":"kit-pincel-5-pecas-pr-18878","status":"publish","type":"product","link":"https:\/\/promoalge.com.br\/?product=kit-pincel-5-pecas-pr-18878","title":{"rendered":"Kit Pincel 5 pe\u00e7as &#8211; PR 18878"},"content":{"rendered":"","protected":false},"excerpt":{"rendered":"<p>Descri\u00e7\u00e3o: Tenha uma maquiagem perfeita com este kit essencial de pinc\u00e9is, ideal para precis\u00e3o e acabamento. Com estojo pl\u00e1stico, cerdas macias e cabos pl\u00e1sticos ergon\u00f4micos, oferece eleg\u00e2ncia, conforto e resultados impec\u00e1veis para iniciantes e profissionais. Inclui um pincel l\u00edngua de gato, perfeito para bases l\u00edquidas ou cremosas; um chanfrado, ideal para delinear olhos e sobrancelhas; um c\u00f4ncavo, indispens\u00e1vel para esfumar sombras; um pincel para aplicar sombras de forma uniforme; e um para corretivo, perfeito para cobrir imperfei\u00e7\u00f5es e iluminar pontos estrat\u00e9gicos.<\/p>\n<p>Largura :  2,4 cm<\/p>\n<p>Circunfer\u00eancia :  7,9 cm<\/p>\n<p>Comprimento :  15,3 cm<\/p>\n<p>Quantidade m\u00ednima de 50 unidades.<\/p>\n","protected":false},"featured_media":9960,"template":"","meta":[],"product_brand":[],"product_cat":[413],"product_tag":[],"class_list":{"0":"post-9959","1":"product","2":"type-product","3":"status-publish","4":"has-post-thumbnail","6":"product_cat-linha-feminina","8":"first","9":"instock","10":"shipping-taxable","11":"product-type-simple"},"_links":{"self":[{"href":"https:\/\/promoalge.com.br\/index.php?rest_route=\/wp\/v2\/product\/9959","targetHints":{"allow":["GET"]}}],"collection":[{"href":"https:\/\/promoalge.com.br\/index.php?rest_route=\/wp\/v2\/product"}],"about":[{"href":"https:\/\/promoalge.com.br\/index.php?rest_route=\/wp\/v2\/types\/product"}],"wp:featuredmedia":[{"embeddable":true,"href":"https:\/\/promoalge.com.br\/index.php?rest_route=\/wp\/v2\/media\/9960"}],"wp:attachment":[{"href":"https:\/\/promoalge.com.br\/index.php?rest_route=%2Fwp%2Fv2%2Fmedia&parent=9959"}],"wp:term":[{"taxonomy":"product_brand","embeddable":true,"href":"https:\/\/promoalge.com.br\/index.php?rest_route=%2Fwp%2Fv2%2Fproduct_brand&post=9959"},{"taxonomy":"product_cat","embeddable":true,"href":"https:\/\/promoalge.com.br\/index.php?rest_route=%2Fwp%2Fv2%2Fproduct_cat&post=9959"},{"taxonomy":"product_tag","embeddable":true,"href":"https:\/\/promoalge.com.br\/index.php?rest_route=%2Fwp%2Fv2%2Fproduct_tag&post=9959"}],"curies":[{"name":"wp","href":"https:\/\/api.w.org\/{rel}","templated":true}]}}