{"id":9964,"date":"2025-04-01T16:21:45","date_gmt":"2025-04-01T19:21:45","guid":{"rendered":"https:\/\/promoalge.com.br\/?post_type=product&#038;p=9964"},"modified":"2025-04-01T16:21:45","modified_gmt":"2025-04-01T19:21:45","slug":"kit-manicure-10-pecas-pr-18900","status":"publish","type":"product","link":"https:\/\/promoalge.com.br\/?product=kit-manicure-10-pecas-pr-18900","title":{"rendered":"Kit Manicure 10 Pe\u00e7as &#8211; PR 18900"},"content":{"rendered":"","protected":false},"excerpt":{"rendered":"<p>Descri\u00e7\u00e3o: Kit Manicure 10 pe\u00e7as em estojo de couro sint\u00e9tico, perfeito para embelezar e cuidar das unhas, podendo ser usado em casa ou em sal\u00f5es de beleza. Com tr\u00eas cortadores de unha, tesoura, lixa, pin\u00e7a, empurrador de cut\u00edcula, removedor de cut\u00edcula, palito de unha e esp\u00e1tula para ouvido, este kit oferece tudo o que precisa para manter as unhas e cuidados sempre em dia.<\/p>\n<p>Altura :  12,7 cm<\/p>\n<p>Largura :  7,9 cm<\/p>\n<p>Espessura :  2 cm<\/p>\n<p>Quantidade m\u00ednima de 50 unidades.<\/p>\n","protected":false},"featured_media":9965,"template":"","meta":[],"product_brand":[],"product_cat":[413],"product_tag":[],"class_list":{"0":"post-9964","1":"product","2":"type-product","3":"status-publish","4":"has-post-thumbnail","6":"product_cat-linha-feminina","8":"first","9":"instock","10":"shipping-taxable","11":"product-type-simple"},"_links":{"self":[{"href":"https:\/\/promoalge.com.br\/index.php?rest_route=\/wp\/v2\/product\/9964","targetHints":{"allow":["GET"]}}],"collection":[{"href":"https:\/\/promoalge.com.br\/index.php?rest_route=\/wp\/v2\/product"}],"about":[{"href":"https:\/\/promoalge.com.br\/index.php?rest_route=\/wp\/v2\/types\/product"}],"wp:featuredmedia":[{"embeddable":true,"href":"https:\/\/promoalge.com.br\/index.php?rest_route=\/wp\/v2\/media\/9965"}],"wp:attachment":[{"href":"https:\/\/promoalge.com.br\/index.php?rest_route=%2Fwp%2Fv2%2Fmedia&parent=9964"}],"wp:term":[{"taxonomy":"product_brand","embeddable":true,"href":"https:\/\/promoalge.com.br\/index.php?rest_route=%2Fwp%2Fv2%2Fproduct_brand&post=9964"},{"taxonomy":"product_cat","embeddable":true,"href":"https:\/\/promoalge.com.br\/index.php?rest_route=%2Fwp%2Fv2%2Fproduct_cat&post=9964"},{"taxonomy":"product_tag","embeddable":true,"href":"https:\/\/promoalge.com.br\/index.php?rest_route=%2Fwp%2Fv2%2Fproduct_tag&post=9964"}],"curies":[{"name":"wp","href":"https:\/\/api.w.org\/{rel}","templated":true}]}}