{"id":9966,"date":"2025-04-01T16:23:47","date_gmt":"2025-04-01T19:23:47","guid":{"rendered":"https:\/\/promoalge.com.br\/?post_type=product&#038;p=9966"},"modified":"2025-04-01T16:23:47","modified_gmt":"2025-04-01T19:23:47","slug":"agenda-diaria-2025-linho-pr-06099","status":"publish","type":"product","link":"https:\/\/promoalge.com.br\/?product=agenda-diaria-2025-linho-pr-06099","title":{"rendered":"Agenda Di\u00e1ria 2025 Linho &#8211; PR 06099"},"content":{"rendered":"","protected":false},"excerpt":{"rendered":"<p>Descri\u00e7\u00e3o: Planeje seu dia a dia com a nossa agenda di\u00e1ria 2025 de linho. Organizar-se ficou ainda mais f\u00e1cil! Cont\u00e9m folhas para dados pessoais, calend\u00e1rios 2025 \u00e0 2027, planejamento 2025 e DDI.<\/p>\n<p>Altura :  20,5 cm<\/p>\n<p>Largura :  14,3 cm<\/p>\n<p>Espessura :  2 cm<\/p>\n<p>Quantidade m\u00ednima de 50 unidades.<\/p>\n","protected":false},"featured_media":9967,"template":"","meta":[],"product_brand":[],"product_cat":[409],"product_tag":[],"class_list":{"0":"post-9966","1":"product","2":"type-product","3":"status-publish","4":"has-post-thumbnail","6":"product_cat-escritorio","8":"first","9":"instock","10":"shipping-taxable","11":"product-type-simple"},"_links":{"self":[{"href":"https:\/\/promoalge.com.br\/index.php?rest_route=\/wp\/v2\/product\/9966","targetHints":{"allow":["GET"]}}],"collection":[{"href":"https:\/\/promoalge.com.br\/index.php?rest_route=\/wp\/v2\/product"}],"about":[{"href":"https:\/\/promoalge.com.br\/index.php?rest_route=\/wp\/v2\/types\/product"}],"wp:featuredmedia":[{"embeddable":true,"href":"https:\/\/promoalge.com.br\/index.php?rest_route=\/wp\/v2\/media\/9967"}],"wp:attachment":[{"href":"https:\/\/promoalge.com.br\/index.php?rest_route=%2Fwp%2Fv2%2Fmedia&parent=9966"}],"wp:term":[{"taxonomy":"product_brand","embeddable":true,"href":"https:\/\/promoalge.com.br\/index.php?rest_route=%2Fwp%2Fv2%2Fproduct_brand&post=9966"},{"taxonomy":"product_cat","embeddable":true,"href":"https:\/\/promoalge.com.br\/index.php?rest_route=%2Fwp%2Fv2%2Fproduct_cat&post=9966"},{"taxonomy":"product_tag","embeddable":true,"href":"https:\/\/promoalge.com.br\/index.php?rest_route=%2Fwp%2Fv2%2Fproduct_tag&post=9966"}],"curies":[{"name":"wp","href":"https:\/\/api.w.org\/{rel}","templated":true}]}}