{"id":9972,"date":"2025-04-01T16:43:49","date_gmt":"2025-04-01T19:43:49","guid":{"rendered":"https:\/\/promoalge.com.br\/?post_type=product&#038;p=9972"},"modified":"2025-04-01T16:43:49","modified_gmt":"2025-04-01T19:43:49","slug":"porta-joias-pr-01622b","status":"publish","type":"product","link":"https:\/\/promoalge.com.br\/?product=porta-joias-pr-01622b","title":{"rendered":"Porta-Joias &#8211; PR 01622B"},"content":{"rendered":"","protected":false},"excerpt":{"rendered":"<p>Descri\u00e7\u00e3o: Porta-joias de couro sint\u00e9tico com revestimento aveludado. Cada compartimento interno \u00e9 pensado para guardar an\u00e9is, brincos, pulseiras e colares com eleg\u00e2ncia e organiza\u00e7\u00e3o.<\/p>\n<p>Altura :  4,7 cm<\/p>\n<p>Largura :  9,5 cm<\/p>\n<p>Profundidade :  9,5 cm<\/p>\n<p>Quantidade m\u00ednima de 50 unidades.<\/p>\n","protected":false},"featured_media":9973,"template":"","meta":[],"product_brand":[],"product_cat":[413],"product_tag":[],"class_list":{"0":"post-9972","1":"product","2":"type-product","3":"status-publish","4":"has-post-thumbnail","6":"product_cat-linha-feminina","8":"first","9":"instock","10":"shipping-taxable","11":"product-type-simple"},"_links":{"self":[{"href":"https:\/\/promoalge.com.br\/index.php?rest_route=\/wp\/v2\/product\/9972","targetHints":{"allow":["GET"]}}],"collection":[{"href":"https:\/\/promoalge.com.br\/index.php?rest_route=\/wp\/v2\/product"}],"about":[{"href":"https:\/\/promoalge.com.br\/index.php?rest_route=\/wp\/v2\/types\/product"}],"wp:featuredmedia":[{"embeddable":true,"href":"https:\/\/promoalge.com.br\/index.php?rest_route=\/wp\/v2\/media\/9973"}],"wp:attachment":[{"href":"https:\/\/promoalge.com.br\/index.php?rest_route=%2Fwp%2Fv2%2Fmedia&parent=9972"}],"wp:term":[{"taxonomy":"product_brand","embeddable":true,"href":"https:\/\/promoalge.com.br\/index.php?rest_route=%2Fwp%2Fv2%2Fproduct_brand&post=9972"},{"taxonomy":"product_cat","embeddable":true,"href":"https:\/\/promoalge.com.br\/index.php?rest_route=%2Fwp%2Fv2%2Fproduct_cat&post=9972"},{"taxonomy":"product_tag","embeddable":true,"href":"https:\/\/promoalge.com.br\/index.php?rest_route=%2Fwp%2Fv2%2Fproduct_tag&post=9972"}],"curies":[{"name":"wp","href":"https:\/\/api.w.org\/{rel}","templated":true}]}}