{"id":9980,"date":"2025-04-01T16:49:49","date_gmt":"2025-04-01T19:49:49","guid":{"rendered":"https:\/\/promoalge.com.br\/?post_type=product&#038;p=9980"},"modified":"2025-04-01T16:49:49","modified_gmt":"2025-04-01T19:49:49","slug":"kit-copo-e-marmita-fibra-de-bambu-pr-08029","status":"publish","type":"product","link":"https:\/\/promoalge.com.br\/?product=kit-copo-e-marmita-fibra-de-bambu-pr-08029","title":{"rendered":"Kit Copo e Marmita Fibra de Bambu &#8211; PR 08029"},"content":{"rendered":"","protected":false},"excerpt":{"rendered":"<p>Descri\u00e7\u00e3o: Kit com copo salada de 500ml e marmita herm\u00e9tica de 1L com divis\u00f3rias, garfo e faca feitos em fibra de bambu. A combina\u00e7\u00e3o ideal para as refei\u00e7\u00f5es do dia a dia. Feitos em PP at\u00f3xico e livres de BPA, s\u00e3o totalmente seguros para alimentos. Ambos s\u00e3o equipados com travas de seguran\u00e7a e superveda\u00e7\u00e3o, permitindo que leve-os para qualquer lugar sem riscos de vazamentos. O copo possui escala de medi\u00e7\u00e3o at\u00e9 500 ml e sua tampa ainda serve como porta copo, enquanto a marmita cont\u00e9m tr\u00eas divis\u00f3rias internas que mant\u00eam os sabores separados e controlam as por\u00e7\u00f5es, facilitando a montagem de uma dieta equilibrada.<\/p>\n<p>Altura :  7 cm<\/p>\n<p>Largura :  15,3 cm<\/p>\n<p>Comprimento :  20,7 cm<\/p>\n<p>Quantidade m\u00ednima de 50 unidades.<\/p>\n","protected":false},"featured_media":9981,"template":"","meta":[],"product_brand":[],"product_cat":[353],"product_tag":[],"class_list":{"0":"post-9980","1":"product","2":"type-product","3":"status-publish","4":"has-post-thumbnail","6":"product_cat-diversos","8":"first","9":"instock","10":"shipping-taxable","11":"product-type-simple"},"_links":{"self":[{"href":"https:\/\/promoalge.com.br\/index.php?rest_route=\/wp\/v2\/product\/9980","targetHints":{"allow":["GET"]}}],"collection":[{"href":"https:\/\/promoalge.com.br\/index.php?rest_route=\/wp\/v2\/product"}],"about":[{"href":"https:\/\/promoalge.com.br\/index.php?rest_route=\/wp\/v2\/types\/product"}],"wp:featuredmedia":[{"embeddable":true,"href":"https:\/\/promoalge.com.br\/index.php?rest_route=\/wp\/v2\/media\/9981"}],"wp:attachment":[{"href":"https:\/\/promoalge.com.br\/index.php?rest_route=%2Fwp%2Fv2%2Fmedia&parent=9980"}],"wp:term":[{"taxonomy":"product_brand","embeddable":true,"href":"https:\/\/promoalge.com.br\/index.php?rest_route=%2Fwp%2Fv2%2Fproduct_brand&post=9980"},{"taxonomy":"product_cat","embeddable":true,"href":"https:\/\/promoalge.com.br\/index.php?rest_route=%2Fwp%2Fv2%2Fproduct_cat&post=9980"},{"taxonomy":"product_tag","embeddable":true,"href":"https:\/\/promoalge.com.br\/index.php?rest_route=%2Fwp%2Fv2%2Fproduct_tag&post=9980"}],"curies":[{"name":"wp","href":"https:\/\/api.w.org\/{rel}","templated":true}]}}