{"id":9982,"date":"2025-04-01T16:53:11","date_gmt":"2025-04-01T19:53:11","guid":{"rendered":"https:\/\/promoalge.com.br\/?post_type=product&#038;p=9982"},"modified":"2025-04-01T16:53:11","modified_gmt":"2025-04-01T19:53:11","slug":"spray-culinario-100ml-pr-08121","status":"publish","type":"product","link":"https:\/\/promoalge.com.br\/?product=spray-culinario-100ml-pr-08121","title":{"rendered":"Spray Culin\u00e1rio 100ml &#8211; PR 08121"},"content":{"rendered":"","protected":false},"excerpt":{"rendered":"<p>Descri\u00e7\u00e3o: Conhe\u00e7a o nosso spray perfeito para azeite, \u00f3leo, vinagre e mais, que combina praticidade e eleg\u00e2ncia na sua cozinha. Com vidro transparente e tampa prateada, ele \u00e9 estiloso e resistente. Seu spray distribui o l\u00edquido de forma uniforme, ideal para temperar saladas, grelhados e finalizar pratos. Com capacidade de 100ml, \u00e9 f\u00e1cil de limpar e ajuda a controlar a quantidade de gordura nas refei\u00e7\u00f5es, sendo perfeito para uma dieta equilibrada. Um \u00f3timo presente para quem ama cozinhar com efici\u00eancia!<\/p>\n<p>Altura :  17 cm<\/p>\n<p>Largura :  4,1 cm<\/p>\n<p>Circunfer\u00eancia :  13,1 cm<\/p>\n<p>Quantidade m\u00ednima de 50 unidades.<\/p>\n","protected":false},"featured_media":9983,"template":"","meta":[],"product_brand":[],"product_cat":[353],"product_tag":[],"class_list":{"0":"post-9982","1":"product","2":"type-product","3":"status-publish","4":"has-post-thumbnail","6":"product_cat-diversos","8":"first","9":"instock","10":"shipping-taxable","11":"product-type-simple"},"_links":{"self":[{"href":"https:\/\/promoalge.com.br\/index.php?rest_route=\/wp\/v2\/product\/9982","targetHints":{"allow":["GET"]}}],"collection":[{"href":"https:\/\/promoalge.com.br\/index.php?rest_route=\/wp\/v2\/product"}],"about":[{"href":"https:\/\/promoalge.com.br\/index.php?rest_route=\/wp\/v2\/types\/product"}],"wp:featuredmedia":[{"embeddable":true,"href":"https:\/\/promoalge.com.br\/index.php?rest_route=\/wp\/v2\/media\/9983"}],"wp:attachment":[{"href":"https:\/\/promoalge.com.br\/index.php?rest_route=%2Fwp%2Fv2%2Fmedia&parent=9982"}],"wp:term":[{"taxonomy":"product_brand","embeddable":true,"href":"https:\/\/promoalge.com.br\/index.php?rest_route=%2Fwp%2Fv2%2Fproduct_brand&post=9982"},{"taxonomy":"product_cat","embeddable":true,"href":"https:\/\/promoalge.com.br\/index.php?rest_route=%2Fwp%2Fv2%2Fproduct_cat&post=9982"},{"taxonomy":"product_tag","embeddable":true,"href":"https:\/\/promoalge.com.br\/index.php?rest_route=%2Fwp%2Fv2%2Fproduct_tag&post=9982"}],"curies":[{"name":"wp","href":"https:\/\/api.w.org\/{rel}","templated":true}]}}