{"id":9987,"date":"2025-04-01T16:57:23","date_gmt":"2025-04-01T19:57:23","guid":{"rendered":"https:\/\/promoalge.com.br\/?post_type=product&#038;p=9987"},"modified":"2025-08-07T17:22:37","modified_gmt":"2025-08-07T20:22:37","slug":"kit-facas-5-pecas-pr-10081b","status":"publish","type":"product","link":"https:\/\/promoalge.com.br\/?product=kit-facas-5-pecas-pr-10081b","title":{"rendered":"Kit Facas 5 Pe\u00e7as &#8211; PR 10081B"},"content":{"rendered":"","protected":false},"excerpt":{"rendered":"<p>Descri\u00e7\u00e3o: A solu\u00e7\u00e3o ideal para quem valoriza qualidade nos cortes e organiza\u00e7\u00e3o na cozinha. O kit inclui 5 facas em a\u00e7o inoxid\u00e1vel, com diferentes tamanhos, perfeitas para uma experi\u00eancia gourmet. Acompanha uma maleta de alum\u00ednio texturizado, com interior revestido de veludo e duas travas que garantem maior seguran\u00e7a. Al\u00e9m disso, a maleta oferece espa\u00e7o para personaliza\u00e7\u00e3o, tornando o kit ainda mais exclusivo.<\/p>\n<p>Largura :  26,2 cm<\/p>\n<p>Profundidade :  3,2 cm<\/p>\n<p>Comprimento :  35,9 cm<\/p>\n<p>Quantidade m\u00ednima de 50 unidades.<\/p>\n","protected":false},"featured_media":9988,"template":"","meta":[],"product_brand":[],"product_cat":[412],"product_tag":[],"class_list":{"0":"post-9987","1":"product","2":"type-product","3":"status-publish","4":"has-post-thumbnail","6":"product_cat-kits-churrasco","8":"first","9":"instock","10":"shipping-taxable","11":"product-type-simple"},"_links":{"self":[{"href":"https:\/\/promoalge.com.br\/index.php?rest_route=\/wp\/v2\/product\/9987","targetHints":{"allow":["GET"]}}],"collection":[{"href":"https:\/\/promoalge.com.br\/index.php?rest_route=\/wp\/v2\/product"}],"about":[{"href":"https:\/\/promoalge.com.br\/index.php?rest_route=\/wp\/v2\/types\/product"}],"wp:featuredmedia":[{"embeddable":true,"href":"https:\/\/promoalge.com.br\/index.php?rest_route=\/wp\/v2\/media\/9988"}],"wp:attachment":[{"href":"https:\/\/promoalge.com.br\/index.php?rest_route=%2Fwp%2Fv2%2Fmedia&parent=9987"}],"wp:term":[{"taxonomy":"product_brand","embeddable":true,"href":"https:\/\/promoalge.com.br\/index.php?rest_route=%2Fwp%2Fv2%2Fproduct_brand&post=9987"},{"taxonomy":"product_cat","embeddable":true,"href":"https:\/\/promoalge.com.br\/index.php?rest_route=%2Fwp%2Fv2%2Fproduct_cat&post=9987"},{"taxonomy":"product_tag","embeddable":true,"href":"https:\/\/promoalge.com.br\/index.php?rest_route=%2Fwp%2Fv2%2Fproduct_tag&post=9987"}],"curies":[{"name":"wp","href":"https:\/\/api.w.org\/{rel}","templated":true}]}}