{"id":9989,"date":"2025-04-01T16:58:56","date_gmt":"2025-04-01T19:58:56","guid":{"rendered":"https:\/\/promoalge.com.br\/?post_type=product&#038;p=9989"},"modified":"2025-04-01T16:58:56","modified_gmt":"2025-04-01T19:58:56","slug":"massageador-portatil-pr-10554","status":"publish","type":"product","link":"https:\/\/promoalge.com.br\/?product=massageador-portatil-pr-10554","title":{"rendered":"Massageador Port\u00e1til &#8211; PR 10554"},"content":{"rendered":"","protected":false},"excerpt":{"rendered":"<p>Descri\u00e7\u00e3o: Toda hora, \u00e9 hora de massagem! O nosso Massageador port\u00e1til, feito de pl\u00e1stico, pode ajudar a aliviar costas r\u00edgidas, m\u00fasculos tensos, pesco\u00e7o, e aquela dor persistente que nunca vai embora. Suas 4 velocidades s\u00e3o acionadas por um \u00fanico bot\u00e3o (ligar\/desligar). Ao acelerar a recupera\u00e7\u00e3o do corpo, torna-se um aliado importante para a sa\u00fade. Recarreg\u00e1vel via USB. Acompanha cabo tipo-C.<\/p>\n<p>Largura :  9,2 cm<\/p>\n<p>Espessura :  4,8 cm<\/p>\n<p>Comprimento :  9,8 cm<\/p>\n<p>Quantidade m\u00ednima de 50 unidades.<\/p>\n","protected":false},"featured_media":9990,"template":"","meta":[],"product_brand":[],"product_cat":[353],"product_tag":[],"class_list":{"0":"post-9989","1":"product","2":"type-product","3":"status-publish","4":"has-post-thumbnail","6":"product_cat-diversos","8":"first","9":"instock","10":"shipping-taxable","11":"product-type-simple"},"_links":{"self":[{"href":"https:\/\/promoalge.com.br\/index.php?rest_route=\/wp\/v2\/product\/9989","targetHints":{"allow":["GET"]}}],"collection":[{"href":"https:\/\/promoalge.com.br\/index.php?rest_route=\/wp\/v2\/product"}],"about":[{"href":"https:\/\/promoalge.com.br\/index.php?rest_route=\/wp\/v2\/types\/product"}],"wp:featuredmedia":[{"embeddable":true,"href":"https:\/\/promoalge.com.br\/index.php?rest_route=\/wp\/v2\/media\/9990"}],"wp:attachment":[{"href":"https:\/\/promoalge.com.br\/index.php?rest_route=%2Fwp%2Fv2%2Fmedia&parent=9989"}],"wp:term":[{"taxonomy":"product_brand","embeddable":true,"href":"https:\/\/promoalge.com.br\/index.php?rest_route=%2Fwp%2Fv2%2Fproduct_brand&post=9989"},{"taxonomy":"product_cat","embeddable":true,"href":"https:\/\/promoalge.com.br\/index.php?rest_route=%2Fwp%2Fv2%2Fproduct_cat&post=9989"},{"taxonomy":"product_tag","embeddable":true,"href":"https:\/\/promoalge.com.br\/index.php?rest_route=%2Fwp%2Fv2%2Fproduct_tag&post=9989"}],"curies":[{"name":"wp","href":"https:\/\/api.w.org\/{rel}","templated":true}]}}