{"id":9991,"date":"2025-04-01T17:01:49","date_gmt":"2025-04-01T20:01:49","guid":{"rendered":"https:\/\/promoalge.com.br\/?post_type=product&#038;p=9991"},"modified":"2025-04-01T17:01:50","modified_gmt":"2025-04-01T20:01:50","slug":"marmita-palha-de-trigo-3-divisorias-pr-18856","status":"publish","type":"product","link":"https:\/\/promoalge.com.br\/?product=marmita-palha-de-trigo-3-divisorias-pr-18856","title":{"rendered":"Marmita Palha de Trigo 3 Divis\u00f3rias &#8211; PR 18856"},"content":{"rendered":"","protected":false},"excerpt":{"rendered":"<p>Descri\u00e7\u00e3o: Marmita com 3 andares? Temos! Com 900ml de capacidade e 3 divis\u00f3rias, esta marmita oferece espa\u00e7o de sobra para organizar alimentos e ainda os mant\u00e9m separados, preservando o sabor de cada um deles. Sua tampa herm\u00e9tica garante que os alimentos permane\u00e7am frescos por mais tempo e evita vazamentos indesejados, permitindo um transporte mais seguro. Acompanha garfo, faca e colher.<\/p>\n<p>Altura :  10,1 cm<\/p>\n<p>Largura :  8 cm<\/p>\n<p>Comprimento :  18,2 cm<\/p>\n<p>Quantidade m\u00ednima de 50 unidades.<\/p>\n","protected":false},"featured_media":9992,"template":"","meta":[],"product_brand":[],"product_cat":[353],"product_tag":[],"class_list":{"0":"post-9991","1":"product","2":"type-product","3":"status-publish","4":"has-post-thumbnail","6":"product_cat-diversos","8":"first","9":"instock","10":"shipping-taxable","11":"product-type-simple"},"_links":{"self":[{"href":"https:\/\/promoalge.com.br\/index.php?rest_route=\/wp\/v2\/product\/9991","targetHints":{"allow":["GET"]}}],"collection":[{"href":"https:\/\/promoalge.com.br\/index.php?rest_route=\/wp\/v2\/product"}],"about":[{"href":"https:\/\/promoalge.com.br\/index.php?rest_route=\/wp\/v2\/types\/product"}],"wp:featuredmedia":[{"embeddable":true,"href":"https:\/\/promoalge.com.br\/index.php?rest_route=\/wp\/v2\/media\/9992"}],"wp:attachment":[{"href":"https:\/\/promoalge.com.br\/index.php?rest_route=%2Fwp%2Fv2%2Fmedia&parent=9991"}],"wp:term":[{"taxonomy":"product_brand","embeddable":true,"href":"https:\/\/promoalge.com.br\/index.php?rest_route=%2Fwp%2Fv2%2Fproduct_brand&post=9991"},{"taxonomy":"product_cat","embeddable":true,"href":"https:\/\/promoalge.com.br\/index.php?rest_route=%2Fwp%2Fv2%2Fproduct_cat&post=9991"},{"taxonomy":"product_tag","embeddable":true,"href":"https:\/\/promoalge.com.br\/index.php?rest_route=%2Fwp%2Fv2%2Fproduct_tag&post=9991"}],"curies":[{"name":"wp","href":"https:\/\/api.w.org\/{rel}","templated":true}]}}